{"id":1666,"date":"2018-11-13T13:45:18","date_gmt":"2018-11-13T12:45:18","guid":{"rendered":"http:\/\/labercia.com\/bed-breakfast-villa-la-bercia\/villa-la-bercia\/"},"modified":"2023-10-11T10:32:08","modified_gmt":"2023-10-11T08:32:08","slug":"villa-la-bercia","status":"publish","type":"page","link":"https:\/\/labercia.com\/de\/bed-breakfast-villa-la-bercia\/villa-la-bercia\/","title":{"rendered":"Villa La Bercia"},"content":{"rendered":"\n<p><strong>Das B&amp;B Villa La Bercia<\/strong> befindet sich nur wenige Schritte vom Dorf <strong>St. Vigil in Enneberg<\/strong> entfernt, einer kleinen Perle inmitten der Natur zwischen dem <strong>Pustertal<\/strong> und dem <strong>Gadertal<\/strong>.<\/p>\n\n\n\n<p>Mit einem gro\u00dfen Garten bietet das B&amp;B Villa La Bercia seinen G\u00e4sten die M\u00f6glichkeit, einen erholsamen Urlaub in der spektakul\u00e4ren Kulisse der Dolomiten zu verbringen.<\/p>\n\n\n\n<p>Von unserem Haus k\u00f6nnen Sie viele Wanderwege erreichen, die Sie zu wundersch\u00f6nen Naturlandschaften f\u00fchren werden. Das B&amp;B Villa La Bercia ist perfekt f\u00fcr Urlauber, die Ruhe und Entspannung suchen, aber die N\u00e4he des Dorfes nicht verzichten m\u00f6chten.<\/p>\n\n\n\n<div class=\"wp-block-button\"><a class=\"wp-block-button__link wp-element-button\" href=\"http:\/\/labercia.com\/de\/uber-uns\/\">Erfahre Mehr<\/a><\/div>\n","protected":false},"excerpt":{"rendered":"<p>Das B&amp;B Villa La Bercia befindet sich nur wenige Schritte vom Dorf St. Vigil in Enneberg entfernt, einer kleinen Perle inmitten der Natur zwischen dem Pustertal und dem Gadertal. Mit einem gro\u00dfen Garten bietet das B&amp;B Villa La Bercia seinen G\u00e4sten die M\u00f6glichkeit, einen erholsamen Urlaub in der spektakul\u00e4ren Kulisse der Dolomiten zu verbringen. Von [&hellip;]<\/p>\n","protected":false},"author":1,"featured_media":3331,"parent":1665,"menu_order":1,"comment_status":"closed","ping_status":"closed","template":"","meta":{"footnotes":""},"class_list":["post-1666","page","type-page","status-publish","has-post-thumbnail","hentry"],"_links":{"self":[{"href":"https:\/\/labercia.com\/de\/wp-json\/wp\/v2\/pages\/1666","targetHints":{"allow":["GET"]}}],"collection":[{"href":"https:\/\/labercia.com\/de\/wp-json\/wp\/v2\/pages"}],"about":[{"href":"https:\/\/labercia.com\/de\/wp-json\/wp\/v2\/types\/page"}],"author":[{"embeddable":true,"href":"https:\/\/labercia.com\/de\/wp-json\/wp\/v2\/users\/1"}],"replies":[{"embeddable":true,"href":"https:\/\/labercia.com\/de\/wp-json\/wp\/v2\/comments?post=1666"}],"version-history":[{"count":1,"href":"https:\/\/labercia.com\/de\/wp-json\/wp\/v2\/pages\/1666\/revisions"}],"predecessor-version":[{"id":1775,"href":"https:\/\/labercia.com\/de\/wp-json\/wp\/v2\/pages\/1666\/revisions\/1775"}],"up":[{"embeddable":true,"href":"https:\/\/labercia.com\/de\/wp-json\/wp\/v2\/pages\/1665"}],"wp:featuredmedia":[{"embeddable":true,"href":"https:\/\/labercia.com\/de\/wp-json\/wp\/v2\/media\/3331"}],"wp:attachment":[{"href":"https:\/\/labercia.com\/de\/wp-json\/wp\/v2\/media?parent=1666"}],"curies":[{"name":"wp","href":"https:\/\/api.w.org\/{rel}","templated":true}]}}