{"id":1667,"date":"2018-11-13T11:12:41","date_gmt":"2018-11-13T10:12:41","guid":{"rendered":"http:\/\/labercia.com\/bed-breakfast-villa-la-bercia\/die-zimmer\/"},"modified":"2023-10-11T10:42:41","modified_gmt":"2023-10-11T08:42:41","slug":"die-zimmer","status":"publish","type":"page","link":"https:\/\/labercia.com\/de\/bed-breakfast-villa-la-bercia\/die-zimmer\/","title":{"rendered":"Die Zimmer"},"content":{"rendered":"\n<p>Die Schlafzimmer im <strong>B&amp;B Villa La Bercia<\/strong> sind ger\u00e4umig und komfortabel, mit spektakul\u00e4rem Blick auf die Natur rund um das Haus.<br>Unsere Zimmer wurden entworfen, um den G\u00e4sten eine <strong>qualitativ hochwertige<\/strong> Ruhe zu erm\u00f6glichen, die w\u00e4hrend eines Bergurlaubs unerl\u00e4sslich ist, insbesondere nach einem Tag voller Abenteuer im Wald.<\/p>\n\n\n\n<p>Vollst\u00e4ndig im <strong>alpinen Stil<\/strong> eingerichtet mit einer starken Pr\u00e4senz von Holz, verf\u00fcgen unsere Zimmer \u00fcber alle notwendigen <strong>Annehmlichkeiten<\/strong> f\u00fcr einen entspannten Urlaub in den <strong>Dolomiten<\/strong> <strong>S\u00fcdtirols<\/strong>.<\/p>\n\n\n\n<p><strong>UNSERE ZIMMER<\/strong><\/p>\n\n\n\n<div style=\"height:20px\" aria-hidden=\"true\" class=\"wp-block-spacer\"><\/div>\n\n\n\n<div class=\"wp-block-columns alignfull is-layout-flex wp-container-core-columns-is-layout-9d6595d7 wp-block-columns-is-layout-flex\">\n<div class=\"wp-block-column is-layout-flow wp-block-column-is-layout-flow\">\n<figure class=\"wp-block-image size-large\"><a href=\"https:\/\/labercia.com\/de\/bed-breakfast-villa-la-bercia\/die-zimmer\/gelbes-zimmer\/\"><img loading=\"lazy\" decoding=\"async\" width=\"1024\" height=\"684\" src=\"http:\/\/labercia.com\/wp-content\/uploads\/2020\/05\/SKI_6948-1024x684.jpg\" alt=\"B&amp;B Villa La Bercia - Gelbes Zimmer, Doppelzimmer mit Balkon und Veranda, Wald - und Gartenblick.\" class=\"wp-image-1257\" srcset=\"https:\/\/labercia.com\/wp-content\/uploads\/2020\/05\/SKI_6948-1024x684.jpg 1024w, https:\/\/labercia.com\/wp-content\/uploads\/2020\/05\/SKI_6948-300x200.jpg 300w, https:\/\/labercia.com\/wp-content\/uploads\/2020\/05\/SKI_6948-768x513.jpg 768w, https:\/\/labercia.com\/wp-content\/uploads\/2020\/05\/SKI_6948-1536x1025.jpg 1536w, https:\/\/labercia.com\/wp-content\/uploads\/2020\/05\/SKI_6948-2048x1367.jpg 2048w, https:\/\/labercia.com\/wp-content\/uploads\/2020\/05\/SKI_6948-892x595.jpg 892w, https:\/\/labercia.com\/wp-content\/uploads\/2020\/05\/SKI_6948-150x100.jpg 150w\" sizes=\"auto, (max-width: 1024px) 100vw, 1024px\" \/><\/a><\/figure>\n\n\n\n<div class=\"wp-block-buttons has-custom-font-size has-small-font-size is-content-justification-center is-layout-flex wp-container-core-buttons-is-layout-16018d1d wp-block-buttons-is-layout-flex\">\n<div class=\"wp-block-button\"><a class=\"wp-block-button__link wp-element-button\" href=\"https:\/\/labercia.com\/de\/bed-breakfast-villa-la-bercia\/die-zimmer\/gelbes-zimmer\/\">GELBES ZIMMER<\/a><\/div>\n<\/div>\n<\/div>\n\n\n\n<div class=\"wp-block-column is-layout-flow wp-block-column-is-layout-flow\">\n<figure class=\"wp-block-image size-large\"><a href=\"https:\/\/labercia.com\/de\/bed-breakfast-villa-la-bercia\/die-zimmer\/blaues-zimmer\/\"><img loading=\"lazy\" decoding=\"async\" width=\"1024\" height=\"684\" src=\"http:\/\/labercia.com\/wp-content\/uploads\/2020\/05\/SKI_6918-1024x684.jpg\" alt=\"B&amp;B Villa La Bercia - Blaues Zimmer, Doppelzimmer mit Balkon, Gartenblick.\" class=\"wp-image-1252\" srcset=\"https:\/\/labercia.com\/wp-content\/uploads\/2020\/05\/SKI_6918-1024x684.jpg 1024w, https:\/\/labercia.com\/wp-content\/uploads\/2020\/05\/SKI_6918-300x200.jpg 300w, https:\/\/labercia.com\/wp-content\/uploads\/2020\/05\/SKI_6918-768x513.jpg 768w, https:\/\/labercia.com\/wp-content\/uploads\/2020\/05\/SKI_6918-1536x1025.jpg 1536w, https:\/\/labercia.com\/wp-content\/uploads\/2020\/05\/SKI_6918-2048x1367.jpg 2048w, https:\/\/labercia.com\/wp-content\/uploads\/2020\/05\/SKI_6918-892x595.jpg 892w, https:\/\/labercia.com\/wp-content\/uploads\/2020\/05\/SKI_6918-150x100.jpg 150w\" sizes=\"auto, (max-width: 1024px) 100vw, 1024px\" \/><\/a><\/figure>\n\n\n\n<div class=\"wp-block-buttons has-custom-font-size has-small-font-size is-content-justification-center is-layout-flex wp-container-core-buttons-is-layout-16018d1d wp-block-buttons-is-layout-flex\">\n<div class=\"wp-block-button\"><a class=\"wp-block-button__link wp-element-button\" href=\"https:\/\/labercia.com\/de\/bed-breakfast-villa-la-bercia\/die-zimmer\/blaues-zimmer\/\">BLAUES ZIMMER<\/a><\/div>\n<\/div>\n<\/div>\n<\/div>\n\n\n\n<div class=\"wp-block-columns alignfull is-layout-flex wp-container-core-columns-is-layout-9d6595d7 wp-block-columns-is-layout-flex\">\n<div class=\"wp-block-column is-layout-flow wp-block-column-is-layout-flow\">\n<figure class=\"wp-block-image size-large\"><a href=\"https:\/\/labercia.com\/de\/bed-breakfast-villa-la-bercia\/die-zimmer\/grunes-zimmer\/\"><img loading=\"lazy\" decoding=\"async\" width=\"820\" height=\"547\" src=\"http:\/\/labercia.com\/wp-content\/uploads\/2020\/05\/room_3_1.jpg\" alt=\"B&amp;B Villa La Bercia - Gr\u00fcnes Zimmer, Doppelzimmer mit Balkon, Gartenblick .\" class=\"wp-image-705\" srcset=\"https:\/\/labercia.com\/wp-content\/uploads\/2020\/05\/room_3_1.jpg 820w, https:\/\/labercia.com\/wp-content\/uploads\/2020\/05\/room_3_1-300x200.jpg 300w, https:\/\/labercia.com\/wp-content\/uploads\/2020\/05\/room_3_1-768x512.jpg 768w, https:\/\/labercia.com\/wp-content\/uploads\/2020\/05\/room_3_1-150x100.jpg 150w\" sizes=\"auto, (max-width: 820px) 100vw, 820px\" \/><\/a><\/figure>\n\n\n\n<div class=\"wp-block-buttons has-custom-font-size has-small-font-size is-content-justification-center is-layout-flex wp-container-core-buttons-is-layout-16018d1d wp-block-buttons-is-layout-flex\">\n<div class=\"wp-block-button\"><a class=\"wp-block-button__link wp-element-button\" href=\"https:\/\/labercia.com\/de\/bed-breakfast-villa-la-bercia\/die-zimmer\/grunes-zimmer\/\">GR\u00dcNES ZIMMER<\/a><\/div>\n<\/div>\n<\/div>\n\n\n\n<div class=\"wp-block-column is-layout-flow wp-block-column-is-layout-flow\">\n<figure class=\"wp-block-image size-large\"><a href=\"https:\/\/labercia.com\/de\/bed-breakfast-villa-la-bercia\/die-zimmer\/rotes-zimmer\/\"><img loading=\"lazy\" decoding=\"async\" width=\"1024\" height=\"694\" src=\"http:\/\/labercia.com\/wp-content\/uploads\/2020\/05\/SKI_7005-1024x694.jpg\" alt=\"B&amp;B Villa La Bercia - Rotes Zimmer, Doppelzimmer mit Veranda, Waldblick .\" class=\"wp-image-1270\" srcset=\"https:\/\/labercia.com\/wp-content\/uploads\/2020\/05\/SKI_7005-1024x694.jpg 1024w, https:\/\/labercia.com\/wp-content\/uploads\/2020\/05\/SKI_7005-300x203.jpg 300w, https:\/\/labercia.com\/wp-content\/uploads\/2020\/05\/SKI_7005-768x521.jpg 768w, https:\/\/labercia.com\/wp-content\/uploads\/2020\/05\/SKI_7005-1536x1042.jpg 1536w, https:\/\/labercia.com\/wp-content\/uploads\/2020\/05\/SKI_7005-2048x1389.jpg 2048w, https:\/\/labercia.com\/wp-content\/uploads\/2020\/05\/SKI_7005-892x605.jpg 892w\" sizes=\"auto, (max-width: 1024px) 100vw, 1024px\" \/><\/a><\/figure>\n\n\n\n<div class=\"wp-block-buttons has-custom-font-size has-small-font-size is-content-justification-center is-layout-flex wp-container-core-buttons-is-layout-16018d1d wp-block-buttons-is-layout-flex\">\n<div class=\"wp-block-button is-style-fill\"><a class=\"wp-block-button__link wp-element-button\" href=\"https:\/\/labercia.com\/de\/bed-breakfast-villa-la-bercia\/die-zimmer\/rotes-zimmer\/\">ROTES ZIMMER<\/a><\/div>\n<\/div>\n<\/div>\n<\/div>\n\n\n\n<p><\/p>\n","protected":false},"excerpt":{"rendered":"<p>Die Schlafzimmer im B&amp;B Villa La Bercia sind ger\u00e4umig und komfortabel, mit spektakul\u00e4rem Blick auf die Natur rund um das Haus.Unsere Zimmer wurden entworfen, um den G\u00e4sten eine qualitativ hochwertige Ruhe zu erm\u00f6glichen, die w\u00e4hrend eines Bergurlaubs unerl\u00e4sslich ist, insbesondere nach einem Tag voller Abenteuer im Wald. Vollst\u00e4ndig im alpinen Stil eingerichtet mit einer starken [&hellip;]<\/p>\n","protected":false},"author":1,"featured_media":2889,"parent":1665,"menu_order":2,"comment_status":"closed","ping_status":"closed","template":"template-wide-page.php","meta":{"footnotes":""},"class_list":["post-1667","page","type-page","status-publish","has-post-thumbnail","hentry"],"_links":{"self":[{"href":"https:\/\/labercia.com\/de\/wp-json\/wp\/v2\/pages\/1667","targetHints":{"allow":["GET"]}}],"collection":[{"href":"https:\/\/labercia.com\/de\/wp-json\/wp\/v2\/pages"}],"about":[{"href":"https:\/\/labercia.com\/de\/wp-json\/wp\/v2\/types\/page"}],"author":[{"embeddable":true,"href":"https:\/\/labercia.com\/de\/wp-json\/wp\/v2\/users\/1"}],"replies":[{"embeddable":true,"href":"https:\/\/labercia.com\/de\/wp-json\/wp\/v2\/comments?post=1667"}],"version-history":[{"count":1,"href":"https:\/\/labercia.com\/de\/wp-json\/wp\/v2\/pages\/1667\/revisions"}],"predecessor-version":[{"id":1776,"href":"https:\/\/labercia.com\/de\/wp-json\/wp\/v2\/pages\/1667\/revisions\/1776"}],"up":[{"embeddable":true,"href":"https:\/\/labercia.com\/de\/wp-json\/wp\/v2\/pages\/1665"}],"wp:featuredmedia":[{"embeddable":true,"href":"https:\/\/labercia.com\/de\/wp-json\/wp\/v2\/media\/2889"}],"wp:attachment":[{"href":"https:\/\/labercia.com\/de\/wp-json\/wp\/v2\/media?parent=1667"}],"curies":[{"name":"wp","href":"https:\/\/api.w.org\/{rel}","templated":true}]}}