{"id":1668,"date":"2018-11-14T10:18:46","date_gmt":"2018-11-14T09:18:46","guid":{"rendered":"http:\/\/labercia.com\/bed-breakfast-villa-la-bercia\/die-zimmer\/gelbes-zimmer\/"},"modified":"2023-10-11T10:43:16","modified_gmt":"2023-10-11T08:43:16","slug":"gelbes-zimmer","status":"publish","type":"page","link":"https:\/\/labercia.com\/de\/bed-breakfast-villa-la-bercia\/die-zimmer\/gelbes-zimmer\/","title":{"rendered":"Gelbes Zimmer"},"content":{"rendered":"\n<div class=\"wp-block-getwid-images-slider has-arrows-inside has-dots-inside has-images-center has-fixed-height\"><div class=\"wp-block-getwid-images-slider__wrapper\" data-effect=\"slide\" data-slides-show=\"1\" data-slides-show-laptop=\"1\" data-slides-show-tablet=\"1\" data-slides-show-mobile=\"1\" data-slides-scroll=\"1\" data-autoplay=\"true\" data-autoplay-speed=\"6000\" data-infinite=\"true\" data-animation-speed=\"800\" data-center-mode=\"false\" data-variable-width=\"false\" data-arrows=\"inside\" data-dots=\"inside\" data-spacing=\"none\"><div class=\"wp-block-getwid-images-slider__item\" style=\"height:550px\"><figure><img loading=\"lazy\" decoding=\"async\" width=\"2560\" height=\"1709\" src=\"http:\/\/labercia.com\/wp-content\/uploads\/2020\/05\/SKI_6939-scaled.jpg\" alt=\"B&amp;B Villa La Bercia - Gelbes Zimmer\" data-id=\"1256\" data-link=\"http:\/\/labercia.com\/ski_6939\/\" data-original-link=\"http:\/\/labercia.com\/wp-content\/uploads\/2020\/05\/SKI_6939-scaled.jpg\" class=\"wp-block-getwid-images-slider__image wp-image-1256\" srcset=\"https:\/\/labercia.com\/wp-content\/uploads\/2020\/05\/SKI_6939-scaled.jpg 2560w, https:\/\/labercia.com\/wp-content\/uploads\/2020\/05\/SKI_6939-300x200.jpg 300w, https:\/\/labercia.com\/wp-content\/uploads\/2020\/05\/SKI_6939-1024x684.jpg 1024w, https:\/\/labercia.com\/wp-content\/uploads\/2020\/05\/SKI_6939-768x513.jpg 768w, https:\/\/labercia.com\/wp-content\/uploads\/2020\/05\/SKI_6939-1536x1025.jpg 1536w, https:\/\/labercia.com\/wp-content\/uploads\/2020\/05\/SKI_6939-2048x1367.jpg 2048w, https:\/\/labercia.com\/wp-content\/uploads\/2020\/05\/SKI_6939-892x594.jpg 892w, https:\/\/labercia.com\/wp-content\/uploads\/2020\/05\/SKI_6939-150x100.jpg 150w\" sizes=\"auto, (max-width: 2560px) 100vw, 2560px\" \/><\/figure><\/div><div class=\"wp-block-getwid-images-slider__item\" style=\"height:550px\"><figure><img loading=\"lazy\" decoding=\"async\" width=\"2560\" height=\"1709\" src=\"http:\/\/labercia.com\/wp-content\/uploads\/2020\/05\/SKI_6948-scaled.jpg\" alt=\"Gelbes Zimmer\" data-id=\"1257\" data-link=\"http:\/\/labercia.com\/ski_6948\/\" data-original-link=\"http:\/\/labercia.com\/wp-content\/uploads\/2020\/05\/SKI_6948-scaled.jpg\" class=\"wp-block-getwid-images-slider__image wp-image-1257\" srcset=\"https:\/\/labercia.com\/wp-content\/uploads\/2020\/05\/SKI_6948-scaled.jpg 2560w, https:\/\/labercia.com\/wp-content\/uploads\/2020\/05\/SKI_6948-300x200.jpg 300w, https:\/\/labercia.com\/wp-content\/uploads\/2020\/05\/SKI_6948-1024x684.jpg 1024w, https:\/\/labercia.com\/wp-content\/uploads\/2020\/05\/SKI_6948-768x513.jpg 768w, https:\/\/labercia.com\/wp-content\/uploads\/2020\/05\/SKI_6948-1536x1025.jpg 1536w, https:\/\/labercia.com\/wp-content\/uploads\/2020\/05\/SKI_6948-2048x1367.jpg 2048w, https:\/\/labercia.com\/wp-content\/uploads\/2020\/05\/SKI_6948-892x594.jpg 892w, https:\/\/labercia.com\/wp-content\/uploads\/2020\/05\/SKI_6948-150x100.jpg 150w\" sizes=\"auto, (max-width: 2560px) 100vw, 2560px\" \/><\/figure><\/div><div class=\"wp-block-getwid-images-slider__item\" style=\"height:550px\"><figure><img loading=\"lazy\" decoding=\"async\" width=\"2560\" height=\"1709\" src=\"http:\/\/labercia.com\/wp-content\/uploads\/2020\/05\/SKI_6953-scaled.jpg\" alt=\"Gelbes Zimmer\" data-id=\"1258\" data-link=\"http:\/\/labercia.com\/ski_6953\/\" data-original-link=\"http:\/\/labercia.com\/wp-content\/uploads\/2020\/05\/SKI_6953-scaled.jpg\" class=\"wp-block-getwid-images-slider__image wp-image-1258\" srcset=\"https:\/\/labercia.com\/wp-content\/uploads\/2020\/05\/SKI_6953-scaled.jpg 2560w, https:\/\/labercia.com\/wp-content\/uploads\/2020\/05\/SKI_6953-300x200.jpg 300w, https:\/\/labercia.com\/wp-content\/uploads\/2020\/05\/SKI_6953-1024x684.jpg 1024w, https:\/\/labercia.com\/wp-content\/uploads\/2020\/05\/SKI_6953-768x513.jpg 768w, https:\/\/labercia.com\/wp-content\/uploads\/2020\/05\/SKI_6953-1536x1025.jpg 1536w, https:\/\/labercia.com\/wp-content\/uploads\/2020\/05\/SKI_6953-2048x1367.jpg 2048w, https:\/\/labercia.com\/wp-content\/uploads\/2020\/05\/SKI_6953-892x594.jpg 892w, https:\/\/labercia.com\/wp-content\/uploads\/2020\/05\/SKI_6953-150x100.jpg 150w\" sizes=\"auto, (max-width: 2560px) 100vw, 2560px\" \/><\/figure><\/div><div class=\"wp-block-getwid-images-slider__item\" style=\"height:550px\"><figure><img loading=\"lazy\" decoding=\"async\" width=\"2560\" height=\"1715\" src=\"http:\/\/labercia.com\/wp-content\/uploads\/2020\/05\/SKI_6955-scaled.jpg\" alt=\"Gelbes Zimmer - Bad\" data-id=\"1259\" data-link=\"http:\/\/labercia.com\/ski_6955\/\" data-original-link=\"http:\/\/labercia.com\/wp-content\/uploads\/2020\/05\/SKI_6955-scaled.jpg\" class=\"wp-block-getwid-images-slider__image wp-image-1259\" srcset=\"https:\/\/labercia.com\/wp-content\/uploads\/2020\/05\/SKI_6955-scaled.jpg 2560w, https:\/\/labercia.com\/wp-content\/uploads\/2020\/05\/SKI_6955-300x201.jpg 300w, https:\/\/labercia.com\/wp-content\/uploads\/2020\/05\/SKI_6955-1024x686.jpg 1024w, https:\/\/labercia.com\/wp-content\/uploads\/2020\/05\/SKI_6955-768x514.jpg 768w, https:\/\/labercia.com\/wp-content\/uploads\/2020\/05\/SKI_6955-1536x1029.jpg 1536w, https:\/\/labercia.com\/wp-content\/uploads\/2020\/05\/SKI_6955-2048x1372.jpg 2048w, https:\/\/labercia.com\/wp-content\/uploads\/2020\/05\/SKI_6955-892x598.jpg 892w, https:\/\/labercia.com\/wp-content\/uploads\/2020\/05\/SKI_6955-150x100.jpg 150w\" sizes=\"auto, (max-width: 2560px) 100vw, 2560px\" \/><\/figure><\/div><\/div><\/div>\n\n\n\n<p>Das Gelbe Zimmer ist ein ger\u00e4umiges Doppelzimmer mit Au\u00dfenbalkon, Veranda und eigenem Bad mit Badewanne. Dieses Zimmer verf\u00fcgt \u00fcber ein Doppelbett mit der M\u00f6glichkeit, ein Schlafsofa f\u00fcr Kinder bis 12 Jahre hinzuzuf\u00fcgen.<br>Das Gelbe Zimmer bietet einen fantastischen Blick auf den Au\u00dfengarten.<\/p>\n\n\n\n<div style=\"height:20px\" aria-hidden=\"true\" class=\"wp-block-spacer\"><\/div>\n\n\n\n<h4 class=\"wp-block-heading\">Details<\/h4>\n\n\n\n<div style=\"height:20px\" aria-hidden=\"true\" class=\"wp-block-spacer\"><\/div>\n\n\n<p>Erwachsene: &nbsp;&nbsp;&nbsp;&nbsp;&nbsp;&nbsp;&nbsp;&nbsp;&nbsp;&nbsp;&nbsp;&nbsp;&nbsp;&nbsp;&nbsp;  2&nbsp;&nbsp;&nbsp; (1 Schlafsofa f\u00fcr Kinder bis 12 Jahre m\u00f6glich)<\/p>\n<hr>\n<p>Gr\u00f6\u00dfe:&nbsp;&nbsp;&nbsp;&nbsp;&nbsp;&nbsp;&nbsp;&nbsp; 15 m\u00b2<\/p>\n<hr>\n<p>Bett:&nbsp;&nbsp;&nbsp;&nbsp;&nbsp;&nbsp;&nbsp;&nbsp;&nbsp;&nbsp;&nbsp;&nbsp;&nbsp;&nbsp;&nbsp;&nbsp;&nbsp; Doppelbett oder zwei Einzelbetten<\/p>\n<hr>\n<p>Ausstattung: &nbsp;&nbsp;&nbsp;&nbsp;&nbsp;&nbsp;&nbsp;&nbsp;&nbsp; Bettw\u00e4sche, Handt\u00fccher, WLAN, Safe<\/p>\n<hr>\n<p>Ausblick:&nbsp;&nbsp;&nbsp;&nbsp;&nbsp;&nbsp;&nbsp;&nbsp;&nbsp;&nbsp;&nbsp;&nbsp;&nbsp;&nbsp;&nbsp;&nbsp;&nbsp;&nbsp; Garten, Wald<\/p>\n<hr>\n\n\n<div class=\"wp-block-buttons is-content-justification-center is-layout-flex wp-container-core-buttons-is-layout-16018d1d wp-block-buttons-is-layout-flex\">\n<div class=\"wp-block-button\"><a class=\"wp-block-button__link wp-element-button\" href=\"https:\/\/labercia.com\/de\/kontakte\/\">Erfahre Mehr<\/a><\/div>\n\n\n\n<div class=\"wp-block-button\"><a class=\"wp-block-button__link wp-element-button\" href=\"https:\/\/labercia.com\/de\/bed-breakfast-villa-la-bercia\/die-zimmer\/\">Zur\u00fcck zu den Zimmern<\/a><\/div>\n<\/div>\n\n\n\n<p><\/p>\n","protected":false},"excerpt":{"rendered":"<p>Das Gelbe Zimmer ist ein ger\u00e4umiges Doppelzimmer mit Au\u00dfenbalkon, Veranda und eigenem Bad mit Badewanne. Dieses Zimmer verf\u00fcgt \u00fcber ein Doppelbett mit der M\u00f6glichkeit, ein Schlafsofa f\u00fcr Kinder bis 12 Jahre hinzuzuf\u00fcgen.Das Gelbe Zimmer bietet einen fantastischen Blick auf den Au\u00dfengarten. Details Erwachsene: &nbsp;&nbsp;&nbsp;&nbsp;&nbsp;&nbsp;&nbsp;&nbsp;&nbsp;&nbsp;&nbsp;&nbsp;&nbsp;&nbsp;&nbsp; 2&nbsp;&nbsp;&nbsp; (1 Schlafsofa f\u00fcr Kinder bis 12 Jahre m\u00f6glich) Gr\u00f6\u00dfe:&nbsp;&nbsp;&nbsp;&nbsp;&nbsp;&nbsp;&nbsp;&nbsp; 15 [&hellip;]<\/p>\n","protected":false},"author":1,"featured_media":1594,"parent":1667,"menu_order":1,"comment_status":"closed","ping_status":"closed","template":"","meta":{"footnotes":""},"class_list":["post-1668","page","type-page","status-publish","has-post-thumbnail","hentry"],"_links":{"self":[{"href":"https:\/\/labercia.com\/de\/wp-json\/wp\/v2\/pages\/1668","targetHints":{"allow":["GET"]}}],"collection":[{"href":"https:\/\/labercia.com\/de\/wp-json\/wp\/v2\/pages"}],"about":[{"href":"https:\/\/labercia.com\/de\/wp-json\/wp\/v2\/types\/page"}],"author":[{"embeddable":true,"href":"https:\/\/labercia.com\/de\/wp-json\/wp\/v2\/users\/1"}],"replies":[{"embeddable":true,"href":"https:\/\/labercia.com\/de\/wp-json\/wp\/v2\/comments?post=1668"}],"version-history":[{"count":2,"href":"https:\/\/labercia.com\/de\/wp-json\/wp\/v2\/pages\/1668\/revisions"}],"predecessor-version":[{"id":1777,"href":"https:\/\/labercia.com\/de\/wp-json\/wp\/v2\/pages\/1668\/revisions\/1777"}],"up":[{"embeddable":true,"href":"https:\/\/labercia.com\/de\/wp-json\/wp\/v2\/pages\/1667"}],"wp:featuredmedia":[{"embeddable":true,"href":"https:\/\/labercia.com\/de\/wp-json\/wp\/v2\/media\/1594"}],"wp:attachment":[{"href":"https:\/\/labercia.com\/de\/wp-json\/wp\/v2\/media?parent=1668"}],"curies":[{"name":"wp","href":"https:\/\/api.w.org\/{rel}","templated":true}]}}