{"id":1669,"date":"2020-05-03T20:13:53","date_gmt":"2020-05-03T18:13:53","guid":{"rendered":"http:\/\/labercia.com\/bed-breakfast-villa-la-bercia\/die-zimmer\/blaues-zimmer\/"},"modified":"2023-10-11T10:43:56","modified_gmt":"2023-10-11T08:43:56","slug":"blaues-zimmer","status":"publish","type":"page","link":"https:\/\/labercia.com\/de\/bed-breakfast-villa-la-bercia\/die-zimmer\/blaues-zimmer\/","title":{"rendered":"Blaues Zimmer"},"content":{"rendered":"\n<div class=\"wp-block-getwid-images-slider has-arrows-inside has-dots-inside has-images-center has-cropped-images has-fixed-height\"><div class=\"wp-block-getwid-images-slider__wrapper\" data-effect=\"slide\" data-slides-show=\"1\" data-slides-show-laptop=\"1\" data-slides-show-tablet=\"1\" data-slides-show-mobile=\"1\" data-slides-scroll=\"1\" data-autoplay=\"true\" data-autoplay-speed=\"6000\" data-infinite=\"true\" data-animation-speed=\"800\" data-center-mode=\"false\" data-variable-width=\"false\" data-arrows=\"inside\" data-dots=\"inside\" data-spacing=\"none\"><div class=\"wp-block-getwid-images-slider__item\" style=\"height:550px\"><figure><img loading=\"lazy\" decoding=\"async\" width=\"2560\" height=\"1709\" src=\"http:\/\/labercia.com\/wp-content\/uploads\/2020\/05\/SKI_6914-scaled.jpg\" alt=\"Blaues Zimmer\" data-id=\"1251\" data-link=\"http:\/\/labercia.com\/ski_6914\/\" data-original-link=\"http:\/\/labercia.com\/wp-content\/uploads\/2020\/05\/SKI_6914-scaled.jpg\" class=\"wp-block-getwid-images-slider__image wp-image-1251\" srcset=\"https:\/\/labercia.com\/wp-content\/uploads\/2020\/05\/SKI_6914-scaled.jpg 2560w, https:\/\/labercia.com\/wp-content\/uploads\/2020\/05\/SKI_6914-300x200.jpg 300w, https:\/\/labercia.com\/wp-content\/uploads\/2020\/05\/SKI_6914-1024x684.jpg 1024w, https:\/\/labercia.com\/wp-content\/uploads\/2020\/05\/SKI_6914-768x513.jpg 768w, https:\/\/labercia.com\/wp-content\/uploads\/2020\/05\/SKI_6914-1536x1025.jpg 1536w, https:\/\/labercia.com\/wp-content\/uploads\/2020\/05\/SKI_6914-2048x1367.jpg 2048w, https:\/\/labercia.com\/wp-content\/uploads\/2020\/05\/SKI_6914-892x594.jpg 892w, https:\/\/labercia.com\/wp-content\/uploads\/2020\/05\/SKI_6914-150x100.jpg 150w\" sizes=\"auto, (max-width: 2560px) 100vw, 2560px\" \/><\/figure><\/div><div class=\"wp-block-getwid-images-slider__item\" style=\"height:550px\"><figure><img loading=\"lazy\" decoding=\"async\" width=\"2560\" height=\"1709\" src=\"http:\/\/labercia.com\/wp-content\/uploads\/2020\/05\/SKI_6918-scaled.jpg\" alt=\"Blaues Zimmer\" data-id=\"1252\" data-link=\"http:\/\/labercia.com\/ski_6918\/\" data-original-link=\"http:\/\/labercia.com\/wp-content\/uploads\/2020\/05\/SKI_6918-scaled.jpg\" class=\"wp-block-getwid-images-slider__image wp-image-1252\" srcset=\"https:\/\/labercia.com\/wp-content\/uploads\/2020\/05\/SKI_6918-scaled.jpg 2560w, https:\/\/labercia.com\/wp-content\/uploads\/2020\/05\/SKI_6918-300x200.jpg 300w, https:\/\/labercia.com\/wp-content\/uploads\/2020\/05\/SKI_6918-1024x684.jpg 1024w, https:\/\/labercia.com\/wp-content\/uploads\/2020\/05\/SKI_6918-768x513.jpg 768w, https:\/\/labercia.com\/wp-content\/uploads\/2020\/05\/SKI_6918-1536x1025.jpg 1536w, https:\/\/labercia.com\/wp-content\/uploads\/2020\/05\/SKI_6918-2048x1367.jpg 2048w, https:\/\/labercia.com\/wp-content\/uploads\/2020\/05\/SKI_6918-892x594.jpg 892w, https:\/\/labercia.com\/wp-content\/uploads\/2020\/05\/SKI_6918-150x100.jpg 150w\" sizes=\"auto, (max-width: 2560px) 100vw, 2560px\" \/><\/figure><\/div><div class=\"wp-block-getwid-images-slider__item\" style=\"height:550px\"><figure><img loading=\"lazy\" decoding=\"async\" width=\"2560\" height=\"1709\" src=\"http:\/\/labercia.com\/wp-content\/uploads\/2020\/05\/SKI_6922-scaled.jpg\" alt=\"Blaues Zimmer\" data-id=\"1253\" data-link=\"http:\/\/labercia.com\/ski_6922\/\" data-original-link=\"http:\/\/labercia.com\/wp-content\/uploads\/2020\/05\/SKI_6922-scaled.jpg\" class=\"wp-block-getwid-images-slider__image wp-image-1253\" srcset=\"https:\/\/labercia.com\/wp-content\/uploads\/2020\/05\/SKI_6922-scaled.jpg 2560w, https:\/\/labercia.com\/wp-content\/uploads\/2020\/05\/SKI_6922-300x200.jpg 300w, https:\/\/labercia.com\/wp-content\/uploads\/2020\/05\/SKI_6922-1024x684.jpg 1024w, https:\/\/labercia.com\/wp-content\/uploads\/2020\/05\/SKI_6922-768x513.jpg 768w, https:\/\/labercia.com\/wp-content\/uploads\/2020\/05\/SKI_6922-1536x1025.jpg 1536w, https:\/\/labercia.com\/wp-content\/uploads\/2020\/05\/SKI_6922-2048x1367.jpg 2048w, https:\/\/labercia.com\/wp-content\/uploads\/2020\/05\/SKI_6922-892x594.jpg 892w, https:\/\/labercia.com\/wp-content\/uploads\/2020\/05\/SKI_6922-150x100.jpg 150w\" sizes=\"auto, (max-width: 2560px) 100vw, 2560px\" \/><\/figure><\/div><div class=\"wp-block-getwid-images-slider__item\" style=\"height:550px\"><figure><img loading=\"lazy\" decoding=\"async\" width=\"2560\" height=\"1709\" src=\"http:\/\/labercia.com\/wp-content\/uploads\/2020\/05\/SKI_6923-scaled.jpg\" alt=\"Blaues Zimmer\" data-id=\"1254\" data-link=\"http:\/\/labercia.com\/ski_6923\/\" data-original-link=\"http:\/\/labercia.com\/wp-content\/uploads\/2020\/05\/SKI_6923-scaled.jpg\" class=\"wp-block-getwid-images-slider__image wp-image-1254\" srcset=\"https:\/\/labercia.com\/wp-content\/uploads\/2020\/05\/SKI_6923-scaled.jpg 2560w, https:\/\/labercia.com\/wp-content\/uploads\/2020\/05\/SKI_6923-300x200.jpg 300w, https:\/\/labercia.com\/wp-content\/uploads\/2020\/05\/SKI_6923-1024x684.jpg 1024w, https:\/\/labercia.com\/wp-content\/uploads\/2020\/05\/SKI_6923-768x513.jpg 768w, https:\/\/labercia.com\/wp-content\/uploads\/2020\/05\/SKI_6923-1536x1025.jpg 1536w, https:\/\/labercia.com\/wp-content\/uploads\/2020\/05\/SKI_6923-2048x1367.jpg 2048w, https:\/\/labercia.com\/wp-content\/uploads\/2020\/05\/SKI_6923-892x594.jpg 892w, https:\/\/labercia.com\/wp-content\/uploads\/2020\/05\/SKI_6923-150x100.jpg 150w\" sizes=\"auto, (max-width: 2560px) 100vw, 2560px\" \/><\/figure><\/div><div class=\"wp-block-getwid-images-slider__item\" style=\"height:550px\"><figure><img loading=\"lazy\" decoding=\"async\" width=\"2560\" height=\"1709\" src=\"http:\/\/labercia.com\/wp-content\/uploads\/2020\/05\/SKI_6934-scaled.jpg\" alt=\"Blaues Zimmer - Bad\" data-id=\"1255\" data-link=\"http:\/\/labercia.com\/ski_6934\/\" data-original-link=\"http:\/\/labercia.com\/wp-content\/uploads\/2020\/05\/SKI_6934-scaled.jpg\" class=\"wp-block-getwid-images-slider__image wp-image-1255\" srcset=\"https:\/\/labercia.com\/wp-content\/uploads\/2020\/05\/SKI_6934-scaled.jpg 2560w, https:\/\/labercia.com\/wp-content\/uploads\/2020\/05\/SKI_6934-300x200.jpg 300w, https:\/\/labercia.com\/wp-content\/uploads\/2020\/05\/SKI_6934-1024x684.jpg 1024w, https:\/\/labercia.com\/wp-content\/uploads\/2020\/05\/SKI_6934-768x513.jpg 768w, https:\/\/labercia.com\/wp-content\/uploads\/2020\/05\/SKI_6934-1536x1025.jpg 1536w, https:\/\/labercia.com\/wp-content\/uploads\/2020\/05\/SKI_6934-2048x1367.jpg 2048w, https:\/\/labercia.com\/wp-content\/uploads\/2020\/05\/SKI_6934-892x594.jpg 892w, https:\/\/labercia.com\/wp-content\/uploads\/2020\/05\/SKI_6934-150x100.jpg 150w\" sizes=\"auto, (max-width: 2560px) 100vw, 2560px\" \/><\/figure><\/div><div class=\"wp-block-getwid-images-slider__item\" style=\"height:550px\"><figure><img loading=\"lazy\" decoding=\"async\" width=\"1024\" height=\"683\" src=\"http:\/\/labercia.com\/wp-content\/uploads\/2020\/05\/room_2view-1.jpg\" alt=\"\" data-id=\"791\" data-link=\"http:\/\/labercia.com\/villa-la-bercia\/le-camere\/camera-blu\/attachment\/room_2view-2\/\" data-original-link=\"http:\/\/labercia.com\/wp-content\/uploads\/2020\/05\/room_2view-1.jpg\" class=\"wp-block-getwid-images-slider__image wp-image-791\" srcset=\"https:\/\/labercia.com\/wp-content\/uploads\/2020\/05\/room_2view-1.jpg 1024w, https:\/\/labercia.com\/wp-content\/uploads\/2020\/05\/room_2view-1-300x200.jpg 300w, https:\/\/labercia.com\/wp-content\/uploads\/2020\/05\/room_2view-1-768x512.jpg 768w, https:\/\/labercia.com\/wp-content\/uploads\/2020\/05\/room_2view-1-892x594.jpg 892w, https:\/\/labercia.com\/wp-content\/uploads\/2020\/05\/room_2view-1-150x100.jpg 150w\" sizes=\"auto, (max-width: 1024px) 100vw, 1024px\" \/><\/figure><\/div><\/div><\/div>\n\n\n\n<p>Das Blaue Zimmer ist ein Doppelzimmer mit Au\u00dfenbalkon und eigenem Bad mit Badewanne. Dieses Zimmer ist f\u00fcr Paare geeignet und verf\u00fcgt \u00fcber ein Doppelbett sowie einen wundersch\u00f6nen Blick auf die umliegenden Gipfel und den Wald.<\/p>\n\n\n\n<div style=\"height:20px\" aria-hidden=\"true\" class=\"wp-block-spacer\"><\/div>\n\n\n\n<h4 class=\"wp-block-heading\">Details<\/h4>\n\n\n\n<div style=\"height:20px\" aria-hidden=\"true\" class=\"wp-block-spacer\"><\/div>\n\n\n<p>Erwachsene: &nbsp;&nbsp;&nbsp;&nbsp;&nbsp;&nbsp;&nbsp;&nbsp;&nbsp;&nbsp;&nbsp;&nbsp;&nbsp;&nbsp;&nbsp; 2<\/p>\n<hr>\n<p>Gr\u00f6\u00dfe:&nbsp;&nbsp;&nbsp;&nbsp;&nbsp;&nbsp;&nbsp;&nbsp; 14 m\u00b2<\/p>\n<hr>\n<p>Bett:&nbsp;&nbsp;&nbsp;&nbsp;&nbsp;&nbsp;&nbsp;&nbsp;&nbsp;&nbsp;&nbsp;&nbsp;&nbsp;&nbsp;&nbsp;&nbsp;&nbsp; Doppelbett oder zwei Einzelbetten<\/p>\n<hr>\n<p>Ausstattung: &nbsp;&nbsp;&nbsp;&nbsp;&nbsp;&nbsp;&nbsp;&nbsp;&nbsp; Bettw\u00e4sche, Handt\u00fccher, WLAN, Safe<\/p>\n<hr>\n<p>Ausblick:&nbsp;&nbsp;&nbsp;&nbsp;&nbsp;&nbsp;&nbsp;&nbsp;&nbsp;&nbsp;&nbsp;&nbsp;&nbsp;&nbsp;&nbsp;&nbsp;&nbsp;&nbsp; Garten, Wald<\/p>\n<hr>\n\n\n<div class=\"wp-block-buttons is-content-justification-center is-layout-flex wp-container-core-buttons-is-layout-16018d1d wp-block-buttons-is-layout-flex\">\n<div class=\"wp-block-button\"><a class=\"wp-block-button__link wp-element-button\" href=\"https:\/\/labercia.com\/de\/kontakte\/\">Erfahre Mehr<\/a><\/div>\n\n\n\n<div class=\"wp-block-button\"><a class=\"wp-block-button__link wp-element-button\" href=\"https:\/\/labercia.com\/de\/bed-breakfast-villa-la-bercia\/die-zimmer\/\">Zur\u00fcck zu den Zimmern<\/a><\/div>\n<\/div>\n\n\n\n<p><\/p>\n","protected":false},"excerpt":{"rendered":"<p>Das Blaue Zimmer ist ein Doppelzimmer mit Au\u00dfenbalkon und eigenem Bad mit Badewanne. Dieses Zimmer ist f\u00fcr Paare geeignet und verf\u00fcgt \u00fcber ein Doppelbett sowie einen wundersch\u00f6nen Blick auf die umliegenden Gipfel und den Wald. Details Erwachsene: &nbsp;&nbsp;&nbsp;&nbsp;&nbsp;&nbsp;&nbsp;&nbsp;&nbsp;&nbsp;&nbsp;&nbsp;&nbsp;&nbsp;&nbsp; 2 Gr\u00f6\u00dfe:&nbsp;&nbsp;&nbsp;&nbsp;&nbsp;&nbsp;&nbsp;&nbsp; 14 m\u00b2 Bett:&nbsp;&nbsp;&nbsp;&nbsp;&nbsp;&nbsp;&nbsp;&nbsp;&nbsp;&nbsp;&nbsp;&nbsp;&nbsp;&nbsp;&nbsp;&nbsp;&nbsp; Doppelbett oder zwei Einzelbetten Ausstattung: &nbsp;&nbsp;&nbsp;&nbsp;&nbsp;&nbsp;&nbsp;&nbsp;&nbsp; Bettw\u00e4sche, Handt\u00fccher, WLAN, Safe Ausblick:&nbsp;&nbsp;&nbsp;&nbsp;&nbsp;&nbsp;&nbsp;&nbsp;&nbsp;&nbsp;&nbsp;&nbsp;&nbsp;&nbsp;&nbsp;&nbsp;&nbsp;&nbsp; Garten, [&hellip;]<\/p>\n","protected":false},"author":1,"featured_media":1584,"parent":1667,"menu_order":2,"comment_status":"closed","ping_status":"closed","template":"","meta":{"footnotes":""},"class_list":["post-1669","page","type-page","status-publish","has-post-thumbnail","hentry"],"_links":{"self":[{"href":"https:\/\/labercia.com\/de\/wp-json\/wp\/v2\/pages\/1669","targetHints":{"allow":["GET"]}}],"collection":[{"href":"https:\/\/labercia.com\/de\/wp-json\/wp\/v2\/pages"}],"about":[{"href":"https:\/\/labercia.com\/de\/wp-json\/wp\/v2\/types\/page"}],"author":[{"embeddable":true,"href":"https:\/\/labercia.com\/de\/wp-json\/wp\/v2\/users\/1"}],"replies":[{"embeddable":true,"href":"https:\/\/labercia.com\/de\/wp-json\/wp\/v2\/comments?post=1669"}],"version-history":[{"count":2,"href":"https:\/\/labercia.com\/de\/wp-json\/wp\/v2\/pages\/1669\/revisions"}],"predecessor-version":[{"id":1778,"href":"https:\/\/labercia.com\/de\/wp-json\/wp\/v2\/pages\/1669\/revisions\/1778"}],"up":[{"embeddable":true,"href":"https:\/\/labercia.com\/de\/wp-json\/wp\/v2\/pages\/1667"}],"wp:featuredmedia":[{"embeddable":true,"href":"https:\/\/labercia.com\/de\/wp-json\/wp\/v2\/media\/1584"}],"wp:attachment":[{"href":"https:\/\/labercia.com\/de\/wp-json\/wp\/v2\/media?parent=1669"}],"curies":[{"name":"wp","href":"https:\/\/api.w.org\/{rel}","templated":true}]}}