{"id":1670,"date":"2020-05-03T20:15:42","date_gmt":"2020-05-03T18:15:42","guid":{"rendered":"http:\/\/labercia.com\/bed-breakfast-villa-la-bercia\/die-zimmer\/grunes-zimmer\/"},"modified":"2023-10-11T10:44:31","modified_gmt":"2023-10-11T08:44:31","slug":"grunes-zimmer","status":"publish","type":"page","link":"https:\/\/labercia.com\/de\/bed-breakfast-villa-la-bercia\/die-zimmer\/grunes-zimmer\/","title":{"rendered":"Gr\u00fcnes Zimmer"},"content":{"rendered":"\n<div class=\"wp-block-getwid-images-slider has-cropped-images has-arrows-inside has-dots-inside has-images-center has-cropped-images has-fixed-height\"><div class=\"wp-block-getwid-images-slider__wrapper\" data-effect=\"slide\" data-slides-show=\"1\" data-slides-show-laptop=\"1\" data-slides-show-tablet=\"1\" data-slides-show-mobile=\"1\" data-slides-scroll=\"1\" data-autoplay=\"true\" data-autoplay-speed=\"6000\" data-infinite=\"true\" data-animation-speed=\"800\" data-center-mode=\"false\" data-variable-width=\"false\" data-arrows=\"inside\" data-dots=\"inside\" data-spacing=\"none\"><div class=\"wp-block-getwid-images-slider__item\" style=\"height:550px\"><figure><img loading=\"lazy\" decoding=\"async\" width=\"820\" height=\"547\" src=\"http:\/\/labercia.com\/wp-content\/uploads\/2020\/05\/room_3_1-1.jpg\" alt=\"\" data-id=\"798\" data-link=\"http:\/\/labercia.com\/villa-la-bercia\/le-camere\/camera-verde\/attachment\/room_3_1-2\/\" data-original-link=\"http:\/\/labercia.com\/wp-content\/uploads\/2020\/05\/room_3_1-1.jpg\" class=\"wp-block-getwid-images-slider__image wp-image-798\" srcset=\"https:\/\/labercia.com\/wp-content\/uploads\/2020\/05\/room_3_1-1.jpg 820w, https:\/\/labercia.com\/wp-content\/uploads\/2020\/05\/room_3_1-1-300x200.jpg 300w, https:\/\/labercia.com\/wp-content\/uploads\/2020\/05\/room_3_1-1-768x512.jpg 768w, https:\/\/labercia.com\/wp-content\/uploads\/2020\/05\/room_3_1-1-150x100.jpg 150w\" sizes=\"auto, (max-width: 820px) 100vw, 820px\" \/><\/figure><\/div><div class=\"wp-block-getwid-images-slider__item\" style=\"height:550px\"><figure><img loading=\"lazy\" decoding=\"async\" width=\"1024\" height=\"681\" src=\"http:\/\/labercia.com\/wp-content\/uploads\/2020\/05\/room_3_2.jpg\" alt=\"\" data-id=\"797\" data-link=\"http:\/\/labercia.com\/villa-la-bercia\/le-camere\/camera-verde\/attachment\/room_3_2\/\" data-original-link=\"http:\/\/labercia.com\/wp-content\/uploads\/2020\/05\/room_3_2.jpg\" class=\"wp-block-getwid-images-slider__image wp-image-797\" srcset=\"https:\/\/labercia.com\/wp-content\/uploads\/2020\/05\/room_3_2.jpg 1024w, https:\/\/labercia.com\/wp-content\/uploads\/2020\/05\/room_3_2-300x200.jpg 300w, https:\/\/labercia.com\/wp-content\/uploads\/2020\/05\/room_3_2-768x511.jpg 768w, https:\/\/labercia.com\/wp-content\/uploads\/2020\/05\/room_3_2-892x594.jpg 892w, https:\/\/labercia.com\/wp-content\/uploads\/2020\/05\/room_3_2-150x100.jpg 150w\" sizes=\"auto, (max-width: 1024px) 100vw, 1024px\" \/><\/figure><\/div><div class=\"wp-block-getwid-images-slider__item\" style=\"height:550px\"><figure><img loading=\"lazy\" decoding=\"async\" width=\"1024\" height=\"681\" src=\"http:\/\/labercia.com\/wp-content\/uploads\/2020\/05\/room_3view.jpg\" alt=\"\" data-id=\"801\" data-link=\"http:\/\/labercia.com\/villa-la-bercia\/le-camere\/camera-verde\/attachment\/room_3view\/\" data-original-link=\"http:\/\/labercia.com\/wp-content\/uploads\/2020\/05\/room_3view.jpg\" class=\"wp-block-getwid-images-slider__image wp-image-801\" srcset=\"https:\/\/labercia.com\/wp-content\/uploads\/2020\/05\/room_3view.jpg 1024w, https:\/\/labercia.com\/wp-content\/uploads\/2020\/05\/room_3view-300x200.jpg 300w, https:\/\/labercia.com\/wp-content\/uploads\/2020\/05\/room_3view-768x511.jpg 768w, https:\/\/labercia.com\/wp-content\/uploads\/2020\/05\/room_3view-892x594.jpg 892w, https:\/\/labercia.com\/wp-content\/uploads\/2020\/05\/room_3view-150x100.jpg 150w\" sizes=\"auto, (max-width: 1024px) 100vw, 1024px\" \/><\/figure><\/div><div class=\"wp-block-getwid-images-slider__item\" style=\"height:550px\"><figure><img loading=\"lazy\" decoding=\"async\" width=\"550\" height=\"825\" src=\"http:\/\/labercia.com\/wp-content\/uploads\/2020\/05\/room_3bath.jpg\" alt=\"\" data-id=\"800\" data-link=\"http:\/\/labercia.com\/villa-la-bercia\/le-camere\/camera-verde\/attachment\/room_3bath\/\" data-original-link=\"http:\/\/labercia.com\/wp-content\/uploads\/2020\/05\/room_3bath.jpg\" class=\"wp-block-getwid-images-slider__image wp-image-800\" srcset=\"https:\/\/labercia.com\/wp-content\/uploads\/2020\/05\/room_3bath.jpg 550w, https:\/\/labercia.com\/wp-content\/uploads\/2020\/05\/room_3bath-200x300.jpg 200w\" sizes=\"auto, (max-width: 550px) 100vw, 550px\" \/><\/figure><\/div><\/div><\/div>\n\n\n\n<p>Das Gr\u00fcne Zimmer ist ein Doppelzimmer mit Au\u00dfenbalkon und eigenem Bad mit Badewanne. Dieses Zimmer ist f\u00fcr Paare geeignet und verf\u00fcgt \u00fcber ein Doppelbett sowie einen wundersch\u00f6nen Blick auf den Au\u00dfengarten.<\/p>\n\n\n\n<div style=\"height:20px\" aria-hidden=\"true\" class=\"wp-block-spacer\"><\/div>\n\n\n\n<h4 class=\"wp-block-heading\">Details<\/h4>\n\n\n\n<div style=\"height:20px\" aria-hidden=\"true\" class=\"wp-block-spacer\"><\/div>\n\n\n<p>Erwachsene: &nbsp;&nbsp;&nbsp;&nbsp;&nbsp;&nbsp;&nbsp;&nbsp;&nbsp;&nbsp;&nbsp;&nbsp;&nbsp;&nbsp;&nbsp; 2<\/p>\n<hr>\n<p>Gr\u00f6\u00dfe:&nbsp;&nbsp;&nbsp;&nbsp;&nbsp;&nbsp;&nbsp;&nbsp; 12 m\u00b2<\/p>\n<hr>\n<p>Bett:&nbsp;&nbsp;&nbsp;&nbsp;&nbsp;&nbsp;&nbsp;&nbsp;&nbsp;&nbsp;&nbsp;&nbsp;&nbsp;&nbsp;&nbsp;&nbsp;&nbsp; Doppelbett oder zwei Einzelbetten<\/p>\n<hr>\n<p>Ausstattung: &nbsp;&nbsp;&nbsp;&nbsp;&nbsp;&nbsp;&nbsp;&nbsp;&nbsp; Bettw\u00e4sche, Handt\u00fccher, WLAN, Safe<\/p>\n<hr>\n<p>Ausblick:&nbsp;&nbsp;&nbsp;&nbsp;&nbsp;&nbsp;&nbsp;&nbsp;&nbsp;&nbsp;&nbsp;&nbsp;&nbsp;&nbsp;&nbsp;&nbsp;&nbsp;&nbsp; Garten<\/p>\n<hr>\n\n\n<div class=\"wp-block-buttons is-content-justification-center is-layout-flex wp-container-core-buttons-is-layout-16018d1d wp-block-buttons-is-layout-flex\">\n<div class=\"wp-block-button\"><a class=\"wp-block-button__link wp-element-button\" href=\"https:\/\/labercia.com\/de\/kontakte\/\">Erfahre Mehr<\/a><\/div>\n\n\n\n<div class=\"wp-block-button\"><a class=\"wp-block-button__link wp-element-button\" href=\"https:\/\/labercia.com\/de\/bed-breakfast-villa-la-bercia\/die-zimmer\/\">Zur\u00fcck zu den Zimmern<\/a><\/div>\n<\/div>\n","protected":false},"excerpt":{"rendered":"<p>Das Gr\u00fcne Zimmer ist ein Doppelzimmer mit Au\u00dfenbalkon und eigenem Bad mit Badewanne. Dieses Zimmer ist f\u00fcr Paare geeignet und verf\u00fcgt \u00fcber ein Doppelbett sowie einen wundersch\u00f6nen Blick auf den Au\u00dfengarten. Details Erwachsene: &nbsp;&nbsp;&nbsp;&nbsp;&nbsp;&nbsp;&nbsp;&nbsp;&nbsp;&nbsp;&nbsp;&nbsp;&nbsp;&nbsp;&nbsp; 2 Gr\u00f6\u00dfe:&nbsp;&nbsp;&nbsp;&nbsp;&nbsp;&nbsp;&nbsp;&nbsp; 12 m\u00b2 Bett:&nbsp;&nbsp;&nbsp;&nbsp;&nbsp;&nbsp;&nbsp;&nbsp;&nbsp;&nbsp;&nbsp;&nbsp;&nbsp;&nbsp;&nbsp;&nbsp;&nbsp; Doppelbett oder zwei Einzelbetten Ausstattung: &nbsp;&nbsp;&nbsp;&nbsp;&nbsp;&nbsp;&nbsp;&nbsp;&nbsp; Bettw\u00e4sche, Handt\u00fccher, WLAN, Safe Ausblick:&nbsp;&nbsp;&nbsp;&nbsp;&nbsp;&nbsp;&nbsp;&nbsp;&nbsp;&nbsp;&nbsp;&nbsp;&nbsp;&nbsp;&nbsp;&nbsp;&nbsp;&nbsp; Garten<\/p>\n","protected":false},"author":1,"featured_media":3262,"parent":1667,"menu_order":3,"comment_status":"closed","ping_status":"closed","template":"","meta":{"footnotes":""},"class_list":["post-1670","page","type-page","status-publish","has-post-thumbnail","hentry"],"_links":{"self":[{"href":"https:\/\/labercia.com\/de\/wp-json\/wp\/v2\/pages\/1670","targetHints":{"allow":["GET"]}}],"collection":[{"href":"https:\/\/labercia.com\/de\/wp-json\/wp\/v2\/pages"}],"about":[{"href":"https:\/\/labercia.com\/de\/wp-json\/wp\/v2\/types\/page"}],"author":[{"embeddable":true,"href":"https:\/\/labercia.com\/de\/wp-json\/wp\/v2\/users\/1"}],"replies":[{"embeddable":true,"href":"https:\/\/labercia.com\/de\/wp-json\/wp\/v2\/comments?post=1670"}],"version-history":[{"count":2,"href":"https:\/\/labercia.com\/de\/wp-json\/wp\/v2\/pages\/1670\/revisions"}],"predecessor-version":[{"id":1779,"href":"https:\/\/labercia.com\/de\/wp-json\/wp\/v2\/pages\/1670\/revisions\/1779"}],"up":[{"embeddable":true,"href":"https:\/\/labercia.com\/de\/wp-json\/wp\/v2\/pages\/1667"}],"wp:featuredmedia":[{"embeddable":true,"href":"https:\/\/labercia.com\/de\/wp-json\/wp\/v2\/media\/3262"}],"wp:attachment":[{"href":"https:\/\/labercia.com\/de\/wp-json\/wp\/v2\/media?parent=1670"}],"curies":[{"name":"wp","href":"https:\/\/api.w.org\/{rel}","templated":true}]}}