{"id":1674,"date":"2020-05-03T20:15:18","date_gmt":"2020-05-03T18:15:18","guid":{"rendered":"http:\/\/labercia.com\/bed-breakfast-villa-la-bercia\/die-zimmer\/rotes-zimmer\/"},"modified":"2023-10-11T10:44:51","modified_gmt":"2023-10-11T08:44:51","slug":"rotes-zimmer","status":"publish","type":"page","link":"https:\/\/labercia.com\/de\/bed-breakfast-villa-la-bercia\/die-zimmer\/rotes-zimmer\/","title":{"rendered":"Rotes Zimmer"},"content":{"rendered":"\n<div class=\"wp-block-getwid-images-slider has-cropped-images has-arrows-inside has-dots-inside has-images-center has-cropped-images has-fixed-height\"><div class=\"wp-block-getwid-images-slider__wrapper\" data-effect=\"slide\" data-slides-show=\"1\" data-slides-show-laptop=\"1\" data-slides-show-tablet=\"1\" data-slides-show-mobile=\"1\" data-slides-scroll=\"1\" data-autoplay=\"false\" data-autoplay-speed=\"6000\" data-infinite=\"true\" data-animation-speed=\"800\" data-center-mode=\"false\" data-variable-width=\"false\" data-arrows=\"inside\" data-dots=\"inside\" data-spacing=\"none\"><div class=\"wp-block-getwid-images-slider__item\" style=\"height:550px\"><figure><img loading=\"lazy\" decoding=\"async\" width=\"2560\" height=\"1736\" src=\"http:\/\/labercia.com\/wp-content\/uploads\/2020\/05\/SKI_7005-scaled.jpg\" alt=\"Rotes Zimmer\" data-id=\"1270\" data-link=\"http:\/\/labercia.com\/ski_7005\/\" data-original-link=\"http:\/\/labercia.com\/wp-content\/uploads\/2020\/05\/SKI_7005-scaled.jpg\" class=\"wp-block-getwid-images-slider__image wp-image-1270\" srcset=\"https:\/\/labercia.com\/wp-content\/uploads\/2020\/05\/SKI_7005-scaled.jpg 2560w, https:\/\/labercia.com\/wp-content\/uploads\/2020\/05\/SKI_7005-300x203.jpg 300w, https:\/\/labercia.com\/wp-content\/uploads\/2020\/05\/SKI_7005-1024x694.jpg 1024w, https:\/\/labercia.com\/wp-content\/uploads\/2020\/05\/SKI_7005-768x521.jpg 768w, https:\/\/labercia.com\/wp-content\/uploads\/2020\/05\/SKI_7005-1536x1042.jpg 1536w, https:\/\/labercia.com\/wp-content\/uploads\/2020\/05\/SKI_7005-2048x1389.jpg 2048w, https:\/\/labercia.com\/wp-content\/uploads\/2020\/05\/SKI_7005-892x605.jpg 892w\" sizes=\"auto, (max-width: 2560px) 100vw, 2560px\" \/><\/figure><\/div><div class=\"wp-block-getwid-images-slider__item\" style=\"height:550px\"><figure><img loading=\"lazy\" decoding=\"async\" width=\"2560\" height=\"1587\" src=\"http:\/\/labercia.com\/wp-content\/uploads\/2020\/05\/SKI_6967-scaled-e1590426526974.jpg\" alt=\"Rotes Zimmer\" data-id=\"1260\" data-link=\"http:\/\/labercia.com\/ski_6967\/\" data-original-link=\"http:\/\/labercia.com\/wp-content\/uploads\/2020\/05\/SKI_6967-scaled-e1590426526974.jpg\" class=\"wp-block-getwid-images-slider__image wp-image-1260\" srcset=\"https:\/\/labercia.com\/wp-content\/uploads\/2020\/05\/SKI_6967-scaled-e1590426526974.jpg 2560w, https:\/\/labercia.com\/wp-content\/uploads\/2020\/05\/SKI_6967-scaled-e1590426526974-300x186.jpg 300w, https:\/\/labercia.com\/wp-content\/uploads\/2020\/05\/SKI_6967-scaled-e1590426526974-1024x635.jpg 1024w, https:\/\/labercia.com\/wp-content\/uploads\/2020\/05\/SKI_6967-scaled-e1590426526974-768x476.jpg 768w, https:\/\/labercia.com\/wp-content\/uploads\/2020\/05\/SKI_6967-scaled-e1590426526974-1536x952.jpg 1536w, https:\/\/labercia.com\/wp-content\/uploads\/2020\/05\/SKI_6967-scaled-e1590426526974-2048x1270.jpg 2048w, https:\/\/labercia.com\/wp-content\/uploads\/2020\/05\/SKI_6967-scaled-e1590426526974-892x553.jpg 892w\" sizes=\"auto, (max-width: 2560px) 100vw, 2560px\" \/><\/figure><\/div><div class=\"wp-block-getwid-images-slider__item\" style=\"height:550px\"><figure><img loading=\"lazy\" decoding=\"async\" width=\"2560\" height=\"1709\" src=\"http:\/\/labercia.com\/wp-content\/uploads\/2020\/05\/SKI_6991-scaled.jpg\" alt=\"Camera Rossa - Au\u00dfenveranda\" data-id=\"1265\" data-link=\"http:\/\/labercia.com\/ski_6991\/\" data-original-link=\"http:\/\/labercia.com\/wp-content\/uploads\/2020\/05\/SKI_6991-scaled.jpg\" class=\"wp-block-getwid-images-slider__image wp-image-1265\" srcset=\"https:\/\/labercia.com\/wp-content\/uploads\/2020\/05\/SKI_6991-scaled.jpg 2560w, https:\/\/labercia.com\/wp-content\/uploads\/2020\/05\/SKI_6991-300x200.jpg 300w, https:\/\/labercia.com\/wp-content\/uploads\/2020\/05\/SKI_6991-1024x684.jpg 1024w, https:\/\/labercia.com\/wp-content\/uploads\/2020\/05\/SKI_6991-768x513.jpg 768w, https:\/\/labercia.com\/wp-content\/uploads\/2020\/05\/SKI_6991-1536x1025.jpg 1536w, https:\/\/labercia.com\/wp-content\/uploads\/2020\/05\/SKI_6991-2048x1367.jpg 2048w, https:\/\/labercia.com\/wp-content\/uploads\/2020\/05\/SKI_6991-892x594.jpg 892w, https:\/\/labercia.com\/wp-content\/uploads\/2020\/05\/SKI_6991-150x100.jpg 150w\" sizes=\"auto, (max-width: 2560px) 100vw, 2560px\" \/><\/figure><\/div><div class=\"wp-block-getwid-images-slider__item\" style=\"height:550px\"><figure><img loading=\"lazy\" decoding=\"async\" width=\"2560\" height=\"1709\" src=\"http:\/\/labercia.com\/wp-content\/uploads\/2020\/05\/SKI_6981-scaled.jpg\" alt=\"Camera Rossa - Bad\" data-id=\"1264\" data-link=\"http:\/\/labercia.com\/ski_6981\/\" data-original-link=\"http:\/\/labercia.com\/wp-content\/uploads\/2020\/05\/SKI_6981-scaled.jpg\" class=\"wp-block-getwid-images-slider__image wp-image-1264\" srcset=\"https:\/\/labercia.com\/wp-content\/uploads\/2020\/05\/SKI_6981-scaled.jpg 2560w, https:\/\/labercia.com\/wp-content\/uploads\/2020\/05\/SKI_6981-300x200.jpg 300w, https:\/\/labercia.com\/wp-content\/uploads\/2020\/05\/SKI_6981-1024x684.jpg 1024w, https:\/\/labercia.com\/wp-content\/uploads\/2020\/05\/SKI_6981-768x513.jpg 768w, https:\/\/labercia.com\/wp-content\/uploads\/2020\/05\/SKI_6981-1536x1025.jpg 1536w, https:\/\/labercia.com\/wp-content\/uploads\/2020\/05\/SKI_6981-2048x1367.jpg 2048w, https:\/\/labercia.com\/wp-content\/uploads\/2020\/05\/SKI_6981-892x594.jpg 892w, https:\/\/labercia.com\/wp-content\/uploads\/2020\/05\/SKI_6981-150x100.jpg 150w\" sizes=\"auto, (max-width: 2560px) 100vw, 2560px\" \/><\/figure><\/div><\/div><\/div>\n\n\n\n<p>Das Rote Zimmer ist ein Doppelzimmer mit Au\u00dfenveranda und eigenem Bad mit Badewanne. Dieses Zimmer ist f\u00fcr Paare geeignet und verf\u00fcgt \u00fcber ein Doppelbett sowie einen wundersch\u00f6nen Blick auf den umliegenden Wald.<\/p>\n\n\n\n<div style=\"height:20px\" aria-hidden=\"true\" class=\"wp-block-spacer\"><\/div>\n\n\n\n<h4 class=\"wp-block-heading\">Details<\/h4>\n\n\n\n<div style=\"height:20px\" aria-hidden=\"true\" class=\"wp-block-spacer\"><\/div>\n\n\n<p>Erwachsene: &nbsp;&nbsp;&nbsp;&nbsp;&nbsp;&nbsp;&nbsp;&nbsp;&nbsp;&nbsp;&nbsp;&nbsp;&nbsp;&nbsp;&nbsp; 2<\/p>\n<hr>\n<p>Gr\u00f6\u00dfe:&nbsp;&nbsp;&nbsp;&nbsp;&nbsp;&nbsp;&nbsp;&nbsp; 14 m\u00b2<\/p>\n<hr>\n<p>Bett:&nbsp;&nbsp;&nbsp;&nbsp;&nbsp;&nbsp;&nbsp;&nbsp;&nbsp;&nbsp;&nbsp;&nbsp;&nbsp;&nbsp;&nbsp;&nbsp;&nbsp; Doppelbett<\/p>\n<hr>\n<p>Ausstattung: &nbsp;&nbsp;&nbsp;&nbsp;&nbsp;&nbsp;&nbsp;&nbsp;&nbsp; Bettw\u00e4sche, Handt\u00fccher, WLAN, Safe<\/p>\n<hr>\n<p>Ausblick:&nbsp;&nbsp;&nbsp;&nbsp;&nbsp;&nbsp;&nbsp;&nbsp;&nbsp;&nbsp;&nbsp;&nbsp;&nbsp;&nbsp;&nbsp;&nbsp;&nbsp; &nbsp; Wald, Berge<\/p>\n<hr>\n\n\n<div class=\"wp-block-buttons is-content-justification-center is-layout-flex wp-container-core-buttons-is-layout-16018d1d wp-block-buttons-is-layout-flex\">\n<div class=\"wp-block-button\"><a class=\"wp-block-button__link wp-element-button\" href=\"https:\/\/labercia.com\/de\/kontakte\/\">Erfahre Mehr<\/a><\/div>\n\n\n\n<div class=\"wp-block-button\"><a class=\"wp-block-button__link wp-element-button\" href=\"https:\/\/labercia.com\/de\/bed-breakfast-villa-la-bercia\/die-zimmer\/\">Zur\u00fcck zu den Zimmern<\/a><\/div>\n<\/div>\n","protected":false},"excerpt":{"rendered":"<p>Das Rote Zimmer ist ein Doppelzimmer mit Au\u00dfenveranda und eigenem Bad mit Badewanne. Dieses Zimmer ist f\u00fcr Paare geeignet und verf\u00fcgt \u00fcber ein Doppelbett sowie einen wundersch\u00f6nen Blick auf den umliegenden Wald. Details Erwachsene: &nbsp;&nbsp;&nbsp;&nbsp;&nbsp;&nbsp;&nbsp;&nbsp;&nbsp;&nbsp;&nbsp;&nbsp;&nbsp;&nbsp;&nbsp; 2 Gr\u00f6\u00dfe:&nbsp;&nbsp;&nbsp;&nbsp;&nbsp;&nbsp;&nbsp;&nbsp; 14 m\u00b2 Bett:&nbsp;&nbsp;&nbsp;&nbsp;&nbsp;&nbsp;&nbsp;&nbsp;&nbsp;&nbsp;&nbsp;&nbsp;&nbsp;&nbsp;&nbsp;&nbsp;&nbsp; Doppelbett Ausstattung: &nbsp;&nbsp;&nbsp;&nbsp;&nbsp;&nbsp;&nbsp;&nbsp;&nbsp; Bettw\u00e4sche, Handt\u00fccher, WLAN, Safe Ausblick:&nbsp;&nbsp;&nbsp;&nbsp;&nbsp;&nbsp;&nbsp;&nbsp;&nbsp;&nbsp;&nbsp;&nbsp;&nbsp;&nbsp;&nbsp;&nbsp;&nbsp; &nbsp; Wald, Berge<\/p>\n","protected":false},"author":1,"featured_media":1600,"parent":1667,"menu_order":4,"comment_status":"closed","ping_status":"closed","template":"","meta":{"footnotes":""},"class_list":["post-1674","page","type-page","status-publish","has-post-thumbnail","hentry"],"_links":{"self":[{"href":"https:\/\/labercia.com\/de\/wp-json\/wp\/v2\/pages\/1674","targetHints":{"allow":["GET"]}}],"collection":[{"href":"https:\/\/labercia.com\/de\/wp-json\/wp\/v2\/pages"}],"about":[{"href":"https:\/\/labercia.com\/de\/wp-json\/wp\/v2\/types\/page"}],"author":[{"embeddable":true,"href":"https:\/\/labercia.com\/de\/wp-json\/wp\/v2\/users\/1"}],"replies":[{"embeddable":true,"href":"https:\/\/labercia.com\/de\/wp-json\/wp\/v2\/comments?post=1674"}],"version-history":[{"count":1,"href":"https:\/\/labercia.com\/de\/wp-json\/wp\/v2\/pages\/1674\/revisions"}],"predecessor-version":[{"id":1780,"href":"https:\/\/labercia.com\/de\/wp-json\/wp\/v2\/pages\/1674\/revisions\/1780"}],"up":[{"embeddable":true,"href":"https:\/\/labercia.com\/de\/wp-json\/wp\/v2\/pages\/1667"}],"wp:featuredmedia":[{"embeddable":true,"href":"https:\/\/labercia.com\/de\/wp-json\/wp\/v2\/media\/1600"}],"wp:attachment":[{"href":"https:\/\/labercia.com\/de\/wp-json\/wp\/v2\/media?parent=1674"}],"curies":[{"name":"wp","href":"https:\/\/api.w.org\/{rel}","templated":true}]}}