{"id":1675,"date":"2018-11-13T13:51:49","date_gmt":"2018-11-13T12:51:49","guid":{"rendered":"http:\/\/labercia.com\/bed-breakfast-villa-la-bercia\/die-dienstleistungen-von-villa-la-bercia\/"},"modified":"2024-07-15T22:27:52","modified_gmt":"2024-07-15T20:27:52","slug":"die-dienstleistungen-von-villa-la-bercia","status":"publish","type":"page","link":"https:\/\/labercia.com\/de\/bed-breakfast-villa-la-bercia\/die-dienstleistungen-von-villa-la-bercia\/","title":{"rendered":"Die Dienstleistungen von Villa La Bercia"},"content":{"rendered":"&#13;\n<p>Das <strong>B&amp;B Villa La Bercia<\/strong> bietet seinen G\u00e4sten verschiedene <strong>Dienstleistungen<\/strong>, um einen komfortablen und aufmerksamen Urlaub zu jeder Jahreszeit zu gew\u00e4hrleisten.<\/p>&#13;\n&#13;\n<p>Unsere Dienstleistungen:<\/p>&#13;\n<div class=\"wp-block-columns has-2-columns\">&#13;\n<div class=\"wp-block-column\">&#13;\n<ul><\/ul><\/div><\/div>&#13;\n<li>T\u00e4glicher Reinigungsservice der Zimmer<\/li>&#13;\n&#13;\n<li>Gemeinschaftsraum mit Kamin und Fernseher<\/li>&#13;\n<\/ul>\n<p><!-- \/wp:post-content --><\/div>\n<p><!-- \/wp:column --><\/p>\n<p><!-- wp:column --><\/p>\n<div class=\"wp-block-column\"><!-- wp:list --><\/p>\n<ul><!-- wp:list-item --><\/p>\n<li>Gro\u00dfer privater Parkplatz<\/li>\n<p><!-- \/wp:list-item --><\/p>\n<p><!-- wp:list-item --><\/p>\n<li>Kostenlose WLAN-Verbindung<\/li>\n<p><!-- \/wp:list-item --><\/p>\n<p><!-- wp:list-item --><\/p>\n<li>Touristische Informationen und Tipps zu Wanderwegen und Aktivit\u00e4ten in der Region<\/li>\n<p><!-- \/wp:list-item --><\/ul>\n<p><!-- \/wp:list --><\/div>\n<p><!-- \/wp:column --><\/div>\n<p><!-- \/wp:columns --><\/p>\n<p><!-- wp:buttons --><\/p>\n<div class=\"wp-block-buttons\"><!-- wp:button --><\/p>\n<div class=\"wp-block-button\"><a class=\"wp-block-button__link wp-element-button\" href=\"https:\/\/labercia.com\/de\/dienstleistungen-und-bedingungen\/\">Erfahre Mehr<\/a><\/div>\n<p><!-- \/wp:button --><\/div>\n<p><!-- \/wp:buttons --><\/p>\n","protected":false},"excerpt":{"rendered":"<p>&#13; Das B&amp;B Villa La Bercia bietet seinen G\u00e4sten verschiedene Dienstleistungen, um einen komfortablen und aufmerksamen Urlaub zu jeder Jahreszeit zu gew\u00e4hrleisten. &#13; &#13; Unsere Dienstleistungen: &#13; &#13; &#13; Gro\u00dfer privater Parkplatz Kostenlose WLAN-Verbindung Touristische Informationen und Tipps zu Wanderwegen und Aktivit\u00e4ten in der Region Erfahre Mehr<\/p>\n","protected":false},"author":1,"featured_media":1490,"parent":1665,"menu_order":3,"comment_status":"closed","ping_status":"closed","template":"","meta":{"footnotes":""},"class_list":["post-1675","page","type-page","status-publish","has-post-thumbnail","hentry"],"_links":{"self":[{"href":"https:\/\/labercia.com\/de\/wp-json\/wp\/v2\/pages\/1675","targetHints":{"allow":["GET"]}}],"collection":[{"href":"https:\/\/labercia.com\/de\/wp-json\/wp\/v2\/pages"}],"about":[{"href":"https:\/\/labercia.com\/de\/wp-json\/wp\/v2\/types\/page"}],"author":[{"embeddable":true,"href":"https:\/\/labercia.com\/de\/wp-json\/wp\/v2\/users\/1"}],"replies":[{"embeddable":true,"href":"https:\/\/labercia.com\/de\/wp-json\/wp\/v2\/comments?post=1675"}],"version-history":[{"count":3,"href":"https:\/\/labercia.com\/de\/wp-json\/wp\/v2\/pages\/1675\/revisions"}],"predecessor-version":[{"id":1892,"href":"https:\/\/labercia.com\/de\/wp-json\/wp\/v2\/pages\/1675\/revisions\/1892"}],"up":[{"embeddable":true,"href":"https:\/\/labercia.com\/de\/wp-json\/wp\/v2\/pages\/1665"}],"wp:featuredmedia":[{"embeddable":true,"href":"https:\/\/labercia.com\/de\/wp-json\/wp\/v2\/media\/1490"}],"wp:attachment":[{"href":"https:\/\/labercia.com\/de\/wp-json\/wp\/v2\/media?parent=1675"}],"curies":[{"name":"wp","href":"https:\/\/api.w.org\/{rel}","templated":true}]}}