{"id":1677,"date":"2018-11-13T13:54:29","date_gmt":"2018-11-13T12:54:29","guid":{"rendered":"http:\/\/labercia.com\/bed-breakfast-villa-la-bercia\/sommerferien-in-den-dolomiten\/"},"modified":"2023-10-11T10:46:36","modified_gmt":"2023-10-11T08:46:36","slug":"sommerferien-in-den-dolomiten","status":"publish","type":"page","link":"https:\/\/labercia.com\/de\/bed-breakfast-villa-la-bercia\/sommerferien-in-den-dolomiten\/","title":{"rendered":"Sommerferien in den Dolomiten"},"content":{"rendered":"\n<p>Das <strong>B&amp;B Villa La Bercia<\/strong> befindet sich in der N\u00e4he der <strong>Naturparks Fanes-Senes-Prags<\/strong> und <strong>Puez-Geisler<\/strong>. Beide Parks sind reich an Flora und Fauna und bieten unseren G\u00e4sten <strong>viele Aktivit\u00e4ten im Freien<\/strong>, besonders im Sommer, von den entspannendsten bis hin zu den aufregendsten. All das f\u00fcr einen wirklich unvergesslichen Urlaub in S\u00fcdtirol. <\/p>\n\n\n\n<div style=\"height:30px\" aria-hidden=\"true\" class=\"wp-block-spacer\"><\/div>\n\n\n\n<div class=\"wp-block-buttons is-layout-flex wp-block-buttons-is-layout-flex\">\n<div class=\"wp-block-button\"><a class=\"wp-block-button__link wp-element-button\" href=\"http:\/\/labercia.com\/de\/sommer-in-sankt-vigil-in-enneberg\/\">Erfahre Mehr<\/a><\/div>\n<\/div>\n","protected":false},"excerpt":{"rendered":"<p>Das B&amp;B Villa La Bercia befindet sich in der N\u00e4he der Naturparks Fanes-Senes-Prags und Puez-Geisler. Beide Parks sind reich an Flora und Fauna und bieten unseren G\u00e4sten viele Aktivit\u00e4ten im Freien, besonders im Sommer, von den entspannendsten bis hin zu den aufregendsten. All das f\u00fcr einen wirklich unvergesslichen Urlaub in S\u00fcdtirol.<\/p>\n","protected":false},"author":1,"featured_media":1534,"parent":1665,"menu_order":4,"comment_status":"closed","ping_status":"closed","template":"","meta":{"footnotes":""},"class_list":["post-1677","page","type-page","status-publish","has-post-thumbnail","hentry"],"_links":{"self":[{"href":"https:\/\/labercia.com\/de\/wp-json\/wp\/v2\/pages\/1677","targetHints":{"allow":["GET"]}}],"collection":[{"href":"https:\/\/labercia.com\/de\/wp-json\/wp\/v2\/pages"}],"about":[{"href":"https:\/\/labercia.com\/de\/wp-json\/wp\/v2\/types\/page"}],"author":[{"embeddable":true,"href":"https:\/\/labercia.com\/de\/wp-json\/wp\/v2\/users\/1"}],"replies":[{"embeddable":true,"href":"https:\/\/labercia.com\/de\/wp-json\/wp\/v2\/comments?post=1677"}],"version-history":[{"count":1,"href":"https:\/\/labercia.com\/de\/wp-json\/wp\/v2\/pages\/1677\/revisions"}],"predecessor-version":[{"id":1782,"href":"https:\/\/labercia.com\/de\/wp-json\/wp\/v2\/pages\/1677\/revisions\/1782"}],"up":[{"embeddable":true,"href":"https:\/\/labercia.com\/de\/wp-json\/wp\/v2\/pages\/1665"}],"wp:featuredmedia":[{"embeddable":true,"href":"https:\/\/labercia.com\/de\/wp-json\/wp\/v2\/media\/1534"}],"wp:attachment":[{"href":"https:\/\/labercia.com\/de\/wp-json\/wp\/v2\/media?parent=1677"}],"curies":[{"name":"wp","href":"https:\/\/api.w.org\/{rel}","templated":true}]}}