{"id":1680,"date":"2018-11-13T13:56:09","date_gmt":"2018-11-13T12:56:09","guid":{"rendered":"http:\/\/labercia.com\/bed-breakfast-villa-la-bercia\/wir-freuen-uns-auf-sie-im-bb-villa-la-bercia\/"},"modified":"2024-07-04T21:54:53","modified_gmt":"2024-07-04T19:54:53","slug":"wir-freuen-uns-auf-sie-im-bb-villa-la-bercia","status":"publish","type":"page","link":"https:\/\/labercia.com\/de\/bed-breakfast-villa-la-bercia\/wir-freuen-uns-auf-sie-im-bb-villa-la-bercia\/","title":{"rendered":"Wir freuen uns auf Sie im B&amp;B Villa La Bercia!"},"content":{"rendered":"\r\n<p class=\"has-text-align-left\">Unser Ziel ist es, Ihren Urlaub fantastisch zu gestalten, und deshalb m\u00f6chten wir sicherstellen, dass alles perfekt ist. Kontaktieren Sie uns f\u00fcr weitere Informationen \u00fcber unser Haus!<\/p>\r\n\r\n\r\n\r\n<div class=\"wp-block-spacer\" style=\"height: 50px;\">\u00a0<\/div>\r\n\r\n\r\n\r\n<div class=\"wp-block-columns has-3-columns is-layout-flex wp-container-core-columns-is-layout-9d6595d7 wp-block-columns-is-layout-flex\">\r\n<div class=\"wp-block-column is-layout-flow wp-block-column-is-layout-flow\">\r\n<h5 style=\"text-align: center;\">\u00a0<\/h5>\r\n\r\n\r\n\r\n<h4 class=\"wp-block-heading has-text-align-center\">Wo befinden Sie uns<\/h4>\r\n\r\n\r\n\r\n<p class=\"has-text-align-center\">ParaciaStr. 18\/2<br \/>I \u2013 39030 St. Vigil in Enneberg BZ<br \/>S\u00fcdtirol | Italien<\/p>\r\n<\/div>\r\n\r\n\r\n\r\n<div class=\"wp-block-column is-layout-flow wp-block-column-is-layout-flow\">\r\n<h5 style=\"text-align: center;\">\u00a0<\/h5>\r\n\r\n\r\n\r\n<h4 class=\"wp-block-heading has-text-align-center\">Infos und Buchungen<\/h4>\r\n\r\n\r\n\r\n<p class=\"has-text-align-center has-small-font-size\"><a href=\"tel:+390474770200\">+39 0474 770200<\/a><br \/><a href=\"tel:+393201631085\">+39 320 1631085<\/a><\/p>\r\n<\/div>\r\n\r\n\r\n\r\n<div class=\"wp-block-column is-layout-flow wp-block-column-is-layout-flow\">\r\n<h5 style=\"text-align: center;\">\u00a0<\/h5>\r\n\r\n\r\n\r\n<h4 class=\"wp-block-heading has-text-align-center\">Infos<\/h4>\r\n\r\n\r\n\r\n<p class=\"has-text-align-center has-small-font-size\"><a href=\"mailto:info@labercia.com\">info@labercia.com<\/a><\/p>\r\n<\/div>\r\n<\/div>\r\n\r\n\r\n\r\n<div class=\"wp-block-spacer\" style=\"height: 20px;\" aria-hidden=\"true\">\u00a0<\/div>\r\n\r\n\r\n\r\n<div class=\"wp-block-columns is-layout-flex wp-container-core-columns-is-layout-9d6595d7 wp-block-columns-is-layout-flex\">\r\n<div class=\"wp-block-column is-layout-flow wp-block-column-is-layout-flow\">\r\n<div class=\"wp-block-columns is-layout-flex wp-container-core-columns-is-layout-9d6595d7 wp-block-columns-is-layout-flex\">\r\n<div class=\"wp-block-column is-vertically-aligned-center is-layout-flow wp-block-column-is-layout-flow\"><div class=\"wp-block-image\">\r\n<figure class=\"aligncenter size-large is-resized\"><a href=\"https:\/\/www.kronplatz.com\/it\" target=\"_blank\" rel=\"noopener noreferrer\"><img loading=\"lazy\" decoding=\"async\" class=\"wp-image-952\" style=\"width: 95px; height: 87px;\" src=\"http:\/\/labercia.com\/wp-content\/uploads\/2020\/05\/logo_ferienregion-1.png\" alt=\"\" width=\"95\" height=\"87\" \/><\/a><\/figure><\/div><\/div>\r\n\r\n\r\n\r\n<div class=\"wp-block-column is-vertically-aligned-center is-layout-flow wp-block-column-is-layout-flow\">\r\n<figure class=\"wp-block-image size-large is-resized\"><a href=\"https:\/\/www.dolomitisuperski.com\/it\" target=\"_blank\" rel=\"noopener noreferrer\"><img loading=\"lazy\" decoding=\"async\" class=\"wp-image-953\" style=\"width: 188px; height: 54px;\" src=\"http:\/\/labercia.com\/wp-content\/uploads\/2020\/05\/Dolomiti_Superski-2.png\" alt=\"\" width=\"188\" height=\"54\" srcset=\"https:\/\/labercia.com\/wp-content\/uploads\/2020\/05\/Dolomiti_Superski-2.png 870w, https:\/\/labercia.com\/wp-content\/uploads\/2020\/05\/Dolomiti_Superski-2-300x87.png 300w, https:\/\/labercia.com\/wp-content\/uploads\/2020\/05\/Dolomiti_Superski-2-768x222.png 768w\" sizes=\"auto, (max-width: 188px) 100vw, 188px\" \/><\/a><\/figure>\r\n<\/div>\r\n<\/div>\r\n<\/div>\r\n\r\n\r\n\r\n<div class=\"wp-block-column is-vertically-aligned-center is-layout-flow wp-block-column-is-layout-flow\">\r\n<div class=\"wp-block-columns is-layout-flex wp-container-core-columns-is-layout-9d6595d7 wp-block-columns-is-layout-flex\">\r\n<div class=\"wp-block-column is-vertically-aligned-center is-layout-flow wp-block-column-is-layout-flow\"><div class=\"wp-block-image\">\r\n<figure class=\"aligncenter size-large is-resized\"><a href=\"https:\/\/www.sanvigilio.com\/it\" target=\"_blank\" rel=\"noopener noreferrer\"><img loading=\"lazy\" decoding=\"async\" class=\"wp-image-956\" style=\"width: 189px; height: 83px;\" src=\"http:\/\/labercia.com\/wp-content\/uploads\/2020\/05\/San-Vigilio-3.png\" alt=\"\" width=\"189\" height=\"83\" srcset=\"https:\/\/labercia.com\/wp-content\/uploads\/2020\/05\/San-Vigilio-3.png 638w, https:\/\/labercia.com\/wp-content\/uploads\/2020\/05\/San-Vigilio-3-300x131.png 300w\" sizes=\"auto, (max-width: 189px) 100vw, 189px\" \/><\/a><\/figure><\/div><\/div>\r\n\r\n\r\n\r\n<div class=\"wp-block-column is-vertically-aligned-center is-layout-flow wp-block-column-is-layout-flow\"><div class=\"wp-block-image\">\r\n<figure class=\"aligncenter size-large is-resized\"><a href=\"https:\/\/www.suedtirol.info\/it\" target=\"_blank\" rel=\"noopener noreferrer\"><img loading=\"lazy\" decoding=\"async\" class=\"wp-image-957\" style=\"width: 121px; height: 96px;\" src=\"http:\/\/labercia.com\/wp-content\/uploads\/2020\/05\/SUED-Badge_Outline_RGB_S-1.png\" alt=\"\" width=\"121\" height=\"96\" \/><\/a><\/figure><\/div><\/div>\r\n<\/div>\r\n<\/div>\r\n<\/div>\r\n","protected":false},"excerpt":{"rendered":"<p>Unser Ziel ist es, Ihren Urlaub fantastisch zu gestalten, und deshalb m\u00f6chten wir sicherstellen, dass alles perfekt ist. Kontaktieren Sie uns f\u00fcr weitere Informationen \u00fcber unser Haus! \u00a0 \u00a0 Wo befinden Sie uns ParaciaStr. 18\/2I \u2013 39030 St. Vigil in Enneberg BZS\u00fcdtirol | Italien \u00a0 Infos und Buchungen +39 0474 770200+39 320 1631085 \u00a0 Infos [&hellip;]<\/p>\n","protected":false},"author":1,"featured_media":1530,"parent":1665,"menu_order":7,"comment_status":"closed","ping_status":"closed","template":"template-wide-page.php","meta":{"footnotes":""},"class_list":["post-1680","page","type-page","status-publish","has-post-thumbnail","hentry"],"_links":{"self":[{"href":"https:\/\/labercia.com\/de\/wp-json\/wp\/v2\/pages\/1680","targetHints":{"allow":["GET"]}}],"collection":[{"href":"https:\/\/labercia.com\/de\/wp-json\/wp\/v2\/pages"}],"about":[{"href":"https:\/\/labercia.com\/de\/wp-json\/wp\/v2\/types\/page"}],"author":[{"embeddable":true,"href":"https:\/\/labercia.com\/de\/wp-json\/wp\/v2\/users\/1"}],"replies":[{"embeddable":true,"href":"https:\/\/labercia.com\/de\/wp-json\/wp\/v2\/comments?post=1680"}],"version-history":[{"count":2,"href":"https:\/\/labercia.com\/de\/wp-json\/wp\/v2\/pages\/1680\/revisions"}],"predecessor-version":[{"id":1874,"href":"https:\/\/labercia.com\/de\/wp-json\/wp\/v2\/pages\/1680\/revisions\/1874"}],"up":[{"embeddable":true,"href":"https:\/\/labercia.com\/de\/wp-json\/wp\/v2\/pages\/1665"}],"wp:featuredmedia":[{"embeddable":true,"href":"https:\/\/labercia.com\/de\/wp-json\/wp\/v2\/media\/1530"}],"wp:attachment":[{"href":"https:\/\/labercia.com\/de\/wp-json\/wp\/v2\/media?parent=1680"}],"curies":[{"name":"wp","href":"https:\/\/api.w.org\/{rel}","templated":true}]}}