{"id":1681,"date":"2020-05-02T15:43:09","date_gmt":"2020-05-02T13:43:09","guid":{"rendered":"http:\/\/labercia.com\/uber-uns\/"},"modified":"2023-10-11T10:51:54","modified_gmt":"2023-10-11T08:51:54","slug":"uber-uns","status":"publish","type":"page","link":"https:\/\/labercia.com\/de\/uber-uns\/","title":{"rendered":"\u00dcber uns"},"content":{"rendered":"\n<div class=\"wp-block-columns has-2-columns is-layout-flex wp-container-core-columns-is-layout-9d6595d7 wp-block-columns-is-layout-flex\">\n<div class=\"wp-block-column is-layout-flow wp-block-column-is-layout-flow\">\n<figure class=\"wp-block-image size-large\"><img loading=\"lazy\" decoding=\"async\" width=\"1024\" height=\"619\" src=\"http:\/\/labercia.com\/wp-content\/uploads\/2020\/05\/DSC_0379-scaled-e1589027062887-1024x619.jpg\" alt=\"\" class=\"wp-image-1049\" srcset=\"https:\/\/labercia.com\/wp-content\/uploads\/2020\/05\/DSC_0379-scaled-e1589027062887-1024x619.jpg 1024w, https:\/\/labercia.com\/wp-content\/uploads\/2020\/05\/DSC_0379-scaled-e1589027062887-300x181.jpg 300w, https:\/\/labercia.com\/wp-content\/uploads\/2020\/05\/DSC_0379-scaled-e1589027062887-768x465.jpg 768w, https:\/\/labercia.com\/wp-content\/uploads\/2020\/05\/DSC_0379-scaled-e1589027062887-1536x929.jpg 1536w, https:\/\/labercia.com\/wp-content\/uploads\/2020\/05\/DSC_0379-scaled-e1589027062887-2048x1239.jpg 2048w, https:\/\/labercia.com\/wp-content\/uploads\/2020\/05\/DSC_0379-scaled-e1589027062887-892x540.jpg 892w\" sizes=\"auto, (max-width: 1024px) 100vw, 1024px\" \/><\/figure>\n<\/div>\n\n\n\n<div class=\"wp-block-column is-vertically-aligned-top is-layout-flow wp-block-column-is-layout-flow\">\n<p>Das B&amp;B Villa la Bercia liegt in St. Vigil in Enneberg und ist ein Haus, die im traditionellen Tiroler Stil eingerichtet ist. Es wurde von alten H\u00fctten in der Umgebung inspiriert und verf\u00fcgt nicht nur \u00fcber eine starke Pr\u00e4senz von Holz in den Innen- und Au\u00dfenverkleidungen, sondern auch in der Innenausstattung. <\/p>\n\n\n\n<p>Das Haus erstreckt sich \u00fcber mehrere Etagen, die geschmackvoll und aufmerksam eingerichtet sind, um unseren G\u00e4sten allen m\u00f6glichen Komfort zu bieten. Die umgebende Natur tr\u00e4gt dazu bei, alles noch sch\u00f6ner und komfortabler zu machen.<\/p>\n<\/div>\n<\/div>\n\n\n\n<div style=\"height:20px\" aria-hidden=\"true\" class=\"wp-block-spacer\"><\/div>\n\n\n\n<hr class=\"wp-block-separator has-css-opacity is-style-wide\"\/>\n\n\n\n<div style=\"height:20px\" aria-hidden=\"true\" class=\"wp-block-spacer\"><\/div>\n\n\n\n<div class=\"wp-block-columns has-2-columns is-layout-flex wp-container-core-columns-is-layout-9d6595d7 wp-block-columns-is-layout-flex\">\n<div class=\"wp-block-column is-vertically-aligned-center is-layout-flow wp-block-column-is-layout-flow\">\n<h2 class=\"wp-block-heading\"><strong>Das B&amp;B Villa la Bercia bietet eine gepflegte und famili\u00e4re Umgebung, in der man sich wie zu Hause f\u00fchlen kann, aber auch in der fantastischen Natur von S\u00fcdtirol eingebettet ist.<\/strong><\/h2>\n<\/div>\n\n\n\n<div class=\"wp-block-column is-layout-flow wp-block-column-is-layout-flow\">\n<p>Das <strong>famili\u00e4re Aspekt<\/strong> des B&amp;B wird auch in der Verwaltung aufgegriffen: Tats\u00e4chlich k\u00fcmmert sich unsere Familie um die Struktur und die G\u00e4ste, um auf alle Details zu achten, die Ihren Urlaub in <strong>St. Vigil<\/strong> unvergesslich machen werden.<\/p>\n<\/div>\n<\/div>\n\n\n\n<div style=\"height:20px\" aria-hidden=\"true\" class=\"wp-block-spacer\"><\/div>\n\n\n\n<hr class=\"wp-block-separator has-css-opacity is-style-wide\"\/>\n\n\n\n<div style=\"height:39px\" aria-hidden=\"true\" class=\"wp-block-spacer\"><\/div>\n\n\n\n<div class=\"wp-block-columns has-2-columns is-layout-flex wp-container-core-columns-is-layout-9d6595d7 wp-block-columns-is-layout-flex\">\n<div class=\"wp-block-column is-layout-flow wp-block-column-is-layout-flow\">\n<p>Ein gro\u00dfer Garten umgibt Villa La Bercia, in dem Sie einen sch\u00f6nen gepflegten Rasen finden, auf dem Sie sich entspannen und ausruhen k\u00f6nnen, w\u00e4hrend Sie den umliegenden Nadelwald bewundern.<\/p>\n\n\n\n<p>Unser Garten eignet sich f\u00fcr verschiedene Aktivit\u00e4ten: von entspannenden Aktivit\u00e4ten wie Lesen oder Sonnenbaden bis hin zu aktiveren wie Yoga oder anderen Arten von Gymnastik.<\/p>\n\n\n\n<p>Nach einem sch\u00f6nen Tag in den Dolomiten von Fanes ist unser Garten der ideale Ort, um in Ruhe zu entspannen.<\/p>\n<\/div>\n\n\n\n<div class=\"wp-block-column is-layout-flow wp-block-column-is-layout-flow\">\n<figure class=\"wp-block-image size-large\"><img loading=\"lazy\" decoding=\"async\" width=\"1024\" height=\"683\" src=\"http:\/\/labercia.com\/wp-content\/uploads\/2020\/05\/DSC_0385-1024x683.jpg\" alt=\"\" class=\"wp-image-1057\" srcset=\"https:\/\/labercia.com\/wp-content\/uploads\/2020\/05\/DSC_0385-1024x683.jpg 1024w, https:\/\/labercia.com\/wp-content\/uploads\/2020\/05\/DSC_0385-300x200.jpg 300w, https:\/\/labercia.com\/wp-content\/uploads\/2020\/05\/DSC_0385-768x512.jpg 768w, https:\/\/labercia.com\/wp-content\/uploads\/2020\/05\/DSC_0385-1536x1024.jpg 1536w, https:\/\/labercia.com\/wp-content\/uploads\/2020\/05\/DSC_0385-2048x1365.jpg 2048w, https:\/\/labercia.com\/wp-content\/uploads\/2020\/05\/DSC_0385-892x594.jpg 892w, https:\/\/labercia.com\/wp-content\/uploads\/2020\/05\/DSC_0385-150x100.jpg 150w\" sizes=\"auto, (max-width: 1024px) 100vw, 1024px\" \/><\/figure>\n<\/div>\n<\/div>\n","protected":false},"excerpt":{"rendered":"<p>Das B&amp;B Villa la Bercia liegt in St. Vigil in Enneberg und ist ein Haus, die im traditionellen Tiroler Stil eingerichtet ist. Es wurde von alten H\u00fctten in der Umgebung inspiriert und verf\u00fcgt nicht nur \u00fcber eine starke Pr\u00e4senz von Holz in den Innen- und Au\u00dfenverkleidungen, sondern auch in der Innenausstattung. Das Haus erstreckt sich [&hellip;]<\/p>\n","protected":false},"author":1,"featured_media":1566,"parent":0,"menu_order":1,"comment_status":"closed","ping_status":"closed","template":"template-wide-page.php","meta":{"footnotes":""},"class_list":["post-1681","page","type-page","status-publish","has-post-thumbnail","hentry"],"_links":{"self":[{"href":"https:\/\/labercia.com\/de\/wp-json\/wp\/v2\/pages\/1681","targetHints":{"allow":["GET"]}}],"collection":[{"href":"https:\/\/labercia.com\/de\/wp-json\/wp\/v2\/pages"}],"about":[{"href":"https:\/\/labercia.com\/de\/wp-json\/wp\/v2\/types\/page"}],"author":[{"embeddable":true,"href":"https:\/\/labercia.com\/de\/wp-json\/wp\/v2\/users\/1"}],"replies":[{"embeddable":true,"href":"https:\/\/labercia.com\/de\/wp-json\/wp\/v2\/comments?post=1681"}],"version-history":[{"count":1,"href":"https:\/\/labercia.com\/de\/wp-json\/wp\/v2\/pages\/1681\/revisions"}],"predecessor-version":[{"id":1785,"href":"https:\/\/labercia.com\/de\/wp-json\/wp\/v2\/pages\/1681\/revisions\/1785"}],"wp:featuredmedia":[{"embeddable":true,"href":"https:\/\/labercia.com\/de\/wp-json\/wp\/v2\/media\/1566"}],"wp:attachment":[{"href":"https:\/\/labercia.com\/de\/wp-json\/wp\/v2\/media?parent=1681"}],"curies":[{"name":"wp","href":"https:\/\/api.w.org\/{rel}","templated":true}]}}