{"id":1683,"date":"2018-11-13T14:42:25","date_gmt":"2018-11-13T13:42:25","guid":{"rendered":"http:\/\/labercia.com\/dienstleistungen-und-bedingungen\/"},"modified":"2023-10-11T10:53:07","modified_gmt":"2023-10-11T08:53:07","slug":"dienstleistungen-und-bedingungen","status":"publish","type":"page","link":"https:\/\/labercia.com\/de\/dienstleistungen-und-bedingungen\/","title":{"rendered":"Dienstleistungen und Bedingungen"},"content":{"rendered":"\n<p class=\"has-text-align-center\">Wir stehen Ihnen zur Verf\u00fcgung, um Ihnen jeden einzelnen Aspekt Ihres Aufenthalts zu erm\u00f6glichen. Sie werden alles f\u00fcr kurze und lange Aufenthalte, f\u00fcr Entspannung und Unterhaltung haben.<\/p>\n\n\n\n<div style=\"height:20px\" aria-hidden=\"true\" class=\"wp-block-spacer\"><\/div>\n\n\n\n<h3 class=\"wp-block-heading\">Einschlie\u00dfende Dienstleistungen<\/h3>\n\n\n<ul>\n<li><b>Fr\u00fchst\u00fcck:<\/b> Enth\u00e4lt Kaffee und entkoffeinierten Kaffee, Milch, verschiedene Teesorten, Gerstenkaffee, Wei\u00df- und Schwarzbrot, Butter, eine Auswahl an Marmeladen, Nuss-Nougat-Creme, verschiedene Fruchts\u00e4fte, Natur- und Fruchtjoghurt, M\u00fcsli, Getreide und Vollkornprodukte, frisches Obst, Aufschnitt, K\u00e4se, Eier und andere Backwaren.<\/li>\n<li><b>Bettw\u00e4sche und Handtuchwechsel:<\/b> Unsere umweltfreundliche Politik sieht einen w\u00f6chentlichen Wechsel der Bettw\u00e4sche und auf Anfrage einen Handtuchwechsel vor. Helfen Sie uns, die Umweltbelastung durch Waschmittel zu reduzieren, indem Sie den Handtuchwechsel anfordern, wenn Sie ihn w\u00fcnschen.<\/li>\n<li><b>Garten<\/b>: Der Garten steht den G\u00e4sten zum Entspannen und Sonnenbaden zur Verf\u00fcgung, es sind Liegest\u00fchle vorhanden.<\/li>\n<li><strong>HolidayPass<\/strong>: Mit dem HolidayPass (im Preis inkl.) k\u00f6nnen Sie w\u00e4hrend Ihres gesamten Urlaubs kostenlos alle \u00f6ffentlichen Verkehrsmittel innerhalb der Grenzen von S\u00fcdtirol nutzen. Verschiedene Gesch\u00e4fte in den Gemeinden Marebbe und San Martino gew\u00e4hren HolidayPass-Inhabern au\u00dferdem Rabatte oder Vorteile f\u00fcr ihre Dienstleistungen.<\/li>\n<li><strong>Informationen und Empfehlungen<\/strong>: Wir sind immer bereit, Informationen \u00fcber Sport- und Freizeitaktivit\u00e4ten, Tipps zu Sehensw\u00fcrdigkeiten, Restaurants und Touristenattraktionen mit aktualisiertem Informationsmaterial bereitzustellen.<\/li>\n<li><b>Kostenloses WLAN<\/b>: Kostenloses WLAN ist im Salon, in den Zimmern und im Garten verf\u00fcgbar.<\/li>\n<li><b>Bibliothek:<\/b> B\u00fccher \u00fcber lokale Flora und Fauna, Traditionen sowie Wandern in verschiedenen Sprachen stehen zur Verf\u00fcgung.<\/li>\n<li><b>Parken<\/b>: Kostenloser, nicht bewachter Parkplatz f\u00fcr ein Auto pro Zimmer.<\/li>\n<\/ul>\n\n\n<hr class=\"wp-block-separator has-css-opacity is-style-wide\"\/>\n\n\n\n<h3 class=\"wp-block-heading\">Gegen Geb\u00fchr verf\u00fcgbare Dienstleistungen<\/h3>\n\n\n<ul>\n<li><b>Speisen und Getr\u00e4nke:<\/b><br \/>Lunchbox: Sandwich- und Getr\u00e4nkeservice f\u00fcr Ausfl\u00fcge mit Reservierung am Vortag. <br \/>Snacks: Hei\u00dfe und kalte Getr\u00e4nke, Kekse und kleine Snacks.<\/li>\n<li><b>W\u00e4scheservice<\/b>: Waschen und Trocknen der W\u00e4sche (ohne B\u00fcgeln).<\/li>\n<li><b>TAXI-Service<\/b>: Service mit vereinbarten Fahrern.<\/li>\n<\/ul>\n\n\n<hr class=\"wp-block-separator has-css-opacity is-style-wide\"\/>\n\n\n\n<h3 class=\"wp-block-heading\">Bedingungen &#8211; Bitte vor der Buchung lesen!<\/h3>\n\n\n<div id=\"smp_children_policy\" class=\"description description_smp-children-policy\">\n<div class=\"bed-allowance\">\n<ul>\n<li><strong>Ankunft<\/strong>: <span class=\"u-display-block\" data-component=\"prc\/timebar\" data-from=\"14:00\" data-from-label=\"14:00\" data-until=\"19:00\" data-until-label=\"19:00\" data-caption=\" Dalle 14:00 alle 19:00 \"><span class=\"timebar \"><strong>von<\/strong> <span class=\"timebar__core\"><span class=\"timebar__caption\">14:00 bis 19:00<\/span><\/span><\/span><\/span><\/li>\n<li class=\"policy_name\"><strong>Uhr Abreise<\/strong>: bis <span class=\"u-display-block\" data-component=\"prc\/timebar\" data-until=\"10:00\" data-until-label=\"10:00\" data-from=\"08:00\" data-from-label=\"08:00\" data-caption=\" Dalle 08:00 alle 10:00 \"><span class=\"timebar \"><span class=\"timebar__core\"><span class=\"timebar__caption\">10:00 Uhr<\/span><\/span><\/span><\/span><\/li>\n<li class=\"policy_name\"><strong>Stornobedingungen Sommer 2023<\/strong>: Bei Stornierungen oder \u00c4nderungen bis zu 15 Tage vor dem geplanten Anreisedatum wird die geleistete Anzahlung zur\u00fcckerstattet, dh 30% des Gesamtpreises des Aufenthalts. Bei Stornierungen oder \u00c4nderungen nach diesem Zeitpunkt wird die geleistete Anzahlung einbehalten.<\/li>\n<li>\n<p><strong>Stornobedingungen<\/strong>: Bei Stornierungen oder \u00c4nderungen bis zu 7 Tage vor dem geplanten Anreisedatum wird 30% des Gesamtpreises des Aufenthalts berechnet. Bei Stornierungen oder \u00c4nderungen nach diesem Zeitpunkt wird 50% des Gesamtpreises des Aufenthalts berechnet. Bei Nichterscheinen wird der gesamte Betrag des Aufenthalts berechnet.<\/p>\n<\/li>\n<li class=\"policy_name\"><strong>Akzeptierte Zahlungsmethoden<\/strong>: Die Unterkunft akzeptiert Kreditkarten und Bargeldzahlungen.<\/li>\n<li><strong>Ruhe<\/strong>: Um unseren G\u00e4sten Ruhe und Erholung zu garantieren, bitten wir h\u00f6flich:<br \/>\u2212 Eltern, das Verhalten ihrer Kinder zu kontrollieren.<br \/>\u2212 Personen, die nach 22:00 Uhr zur\u00fcckkehren, R\u00fccksicht auf diejenigen zu nehmen, die bereits schlafen.<br \/>\u2212 Radio, Handys und Klingelt\u00f6ne leise zu verwenden.<\/li>\n<li class=\"policy_name\"><strong>Rauchen<\/strong>: Das Rauchen ist in allen Innenr\u00e4umen der Unterkunft nicht gestattet.<\/li>\n<\/ul>\n<\/div>\n<\/div>\n<div id=\"parties_policy\" class=\"description description--house-rule\">\n<ul>\n<li class=\"policy_name\"><strong>Haustiere:<\/strong> Kleine Haustiere sind <em>nur nach<\/em> <em>R\u00fccksprache und Genehmigung des Managers erlaubt<\/em>. Die zugelassenen Tiere d\u00fcrfen nicht unbeaufsichtigt im Zimmer gelassen werden. Die Besitzer der Tiere m\u00fcssen darauf achten, dass diese den Garten und den Zugang zur Unterkunft nicht verschmutzen.<\/li>\n<\/ul>\n<\/div>","protected":false},"excerpt":{"rendered":"<p>Wir stehen Ihnen zur Verf\u00fcgung, um Ihnen jeden einzelnen Aspekt Ihres Aufenthalts zu erm\u00f6glichen. Sie werden alles f\u00fcr kurze und lange Aufenthalte, f\u00fcr Entspannung und Unterhaltung haben. Einschlie\u00dfende Dienstleistungen Fr\u00fchst\u00fcck: Enth\u00e4lt Kaffee und entkoffeinierten Kaffee, Milch, verschiedene Teesorten, Gerstenkaffee, Wei\u00df- und Schwarzbrot, Butter, eine Auswahl an Marmeladen, Nuss-Nougat-Creme, verschiedene Fruchts\u00e4fte, Natur- und Fruchtjoghurt, M\u00fcsli, Getreide [&hellip;]<\/p>\n","protected":false},"author":1,"featured_media":1528,"parent":0,"menu_order":3,"comment_status":"closed","ping_status":"closed","template":"template-wide-page.php","meta":{"footnotes":""},"class_list":["post-1683","page","type-page","status-publish","has-post-thumbnail","hentry"],"_links":{"self":[{"href":"https:\/\/labercia.com\/de\/wp-json\/wp\/v2\/pages\/1683","targetHints":{"allow":["GET"]}}],"collection":[{"href":"https:\/\/labercia.com\/de\/wp-json\/wp\/v2\/pages"}],"about":[{"href":"https:\/\/labercia.com\/de\/wp-json\/wp\/v2\/types\/page"}],"author":[{"embeddable":true,"href":"https:\/\/labercia.com\/de\/wp-json\/wp\/v2\/users\/1"}],"replies":[{"embeddable":true,"href":"https:\/\/labercia.com\/de\/wp-json\/wp\/v2\/comments?post=1683"}],"version-history":[{"count":3,"href":"https:\/\/labercia.com\/de\/wp-json\/wp\/v2\/pages\/1683\/revisions"}],"predecessor-version":[{"id":1786,"href":"https:\/\/labercia.com\/de\/wp-json\/wp\/v2\/pages\/1683\/revisions\/1786"}],"wp:featuredmedia":[{"embeddable":true,"href":"https:\/\/labercia.com\/de\/wp-json\/wp\/v2\/media\/1528"}],"wp:attachment":[{"href":"https:\/\/labercia.com\/de\/wp-json\/wp\/v2\/media?parent=1683"}],"curies":[{"name":"wp","href":"https:\/\/api.w.org\/{rel}","templated":true}]}}