{"id":1684,"date":"2018-11-13T14:45:20","date_gmt":"2018-11-13T13:45:20","guid":{"rendered":"http:\/\/labercia.com\/sommer-in-sankt-vigil-in-enneberg\/"},"modified":"2023-10-11T10:53:30","modified_gmt":"2023-10-11T08:53:30","slug":"sommer-in-sankt-vigil-in-enneberg","status":"publish","type":"page","link":"https:\/\/labercia.com\/de\/sommer-in-sankt-vigil-in-enneberg\/","title":{"rendered":"Sommer in Sankt Vigil in Enneberg"},"content":{"rendered":"\n<p class=\"has-text-align-center\"><strong>St. Vigil in Enneberg<\/strong> und seine Umgebung bieten dank des gro\u00dfen <strong>Naturparks Fanes-Sennes-Prags<\/strong> und der N\u00e4he zum <strong>Kronplatz<\/strong> eine Vielzahl von Aktivit\u00e4ten in der Sommersaison an, von entspannenden bis hin zu adrenalinhaltigen, um die Bed\u00fcrfnisse aller G\u00e4ste zu erf\u00fcllen.<br><\/p>\n\n\n\n<p class=\"has-text-align-center\">Hier finden Sie eine Liste einiger m\u00f6glicher Aktivit\u00e4ten in St.Vigil und Umgebung im Sommer:<\/p>\n\n\n\n<p class=\"has-text-align-center\"><br><\/p>\n\n\n\n<div style=\"height:30px\" aria-hidden=\"true\" class=\"wp-block-spacer\"><\/div>\n\n\n\n<div class=\"wp-block-media-text is-stacked-on-mobile is-vertically-aligned-center\"><figure class=\"wp-block-media-text__media\"><a href=\"https:\/\/guestinfo.sanvigilio.com\/it\/active\/8-escursionismo\" target=\"_blank\" rel=\"noopener noreferrer\"><img loading=\"lazy\" decoding=\"async\" width=\"1024\" height=\"682\" src=\"http:\/\/labercia.com\/wp-content\/uploads\/2020\/05\/Fanes-Wandern-byAlexFilz-26-1024x682.jpg\" alt=\"Spazierg\u00e4nge und Sommerwanderungen in den Naturparks Fanes-Sennes-Prags und Puez Geisler\" class=\"wp-image-840 size-full\" srcset=\"https:\/\/labercia.com\/wp-content\/uploads\/2020\/05\/Fanes-Wandern-byAlexFilz-26-1024x682.jpg 1024w, https:\/\/labercia.com\/wp-content\/uploads\/2020\/05\/Fanes-Wandern-byAlexFilz-26-300x200.jpg 300w, https:\/\/labercia.com\/wp-content\/uploads\/2020\/05\/Fanes-Wandern-byAlexFilz-26-768x511.jpg 768w, https:\/\/labercia.com\/wp-content\/uploads\/2020\/05\/Fanes-Wandern-byAlexFilz-26-1536x1022.jpg 1536w, https:\/\/labercia.com\/wp-content\/uploads\/2020\/05\/Fanes-Wandern-byAlexFilz-26-892x594.jpg 892w, https:\/\/labercia.com\/wp-content\/uploads\/2020\/05\/Fanes-Wandern-byAlexFilz-26-150x100.jpg 150w, https:\/\/labercia.com\/wp-content\/uploads\/2020\/05\/Fanes-Wandern-byAlexFilz-26.jpg 1600w\" sizes=\"auto, (max-width: 1024px) 100vw, 1024px\" \/><\/a><\/figure><div class=\"wp-block-media-text__content\">\n<h3 class=\"wp-block-heading\" id=\"mce_1\">Wanderungen<\/h3>\n\n\n\n<p>Zwischen dem <strong>Naturpark Fanes-Sennes-Prags<\/strong> und dem <strong>Puez-Odle<\/strong> gibt es unz\u00e4hlige M\u00f6glichkeiten f\u00fcr einfache und entspannte Spazierg\u00e4nge sowie anspruchsvollere Wanderungen f\u00fcr erfahrene Wanderer.<\/p>\n\n\n\n<div class=\"wp-block-button alignleft\"><a class=\"wp-block-button__link wp-element-button\" href=\"https:\/\/guestinfo.sanvigilio.com\/it\/active\/8-escursionismo\" target=\"_blank\" rel=\"noreferrer noopener\">Erfahre Mehr<\/a><\/div>\n<\/div><\/div>\n\n\n\n<div style=\"height:30px\" aria-hidden=\"true\" class=\"wp-block-spacer\"><\/div>\n\n\n\n<div class=\"wp-block-media-text is-stacked-on-mobile is-vertically-aligned-center\"><figure class=\"wp-block-media-text__media\"><a href=\"https:\/\/www.kronplatz.com\/it\/plan-de-corones\" target=\"_blank\" rel=\"noopener noreferrer\"><img loading=\"lazy\" decoding=\"async\" width=\"600\" height=\"400\" src=\"http:\/\/labercia.com\/wp-content\/uploads\/2020\/05\/Kronplatz-Gipfel-sommer-1.jpeg\" alt=\"Wandern und Museumsbesuche in den Bergen dank der Liftanlagen am Kronplatz, die auch im Sommer ge\u00f6ffnet sind.\" class=\"wp-image-1073\" srcset=\"https:\/\/labercia.com\/wp-content\/uploads\/2020\/05\/Kronplatz-Gipfel-sommer-1.jpeg 600w, https:\/\/labercia.com\/wp-content\/uploads\/2020\/05\/Kronplatz-Gipfel-sommer-1-300x200.jpeg 300w, https:\/\/labercia.com\/wp-content\/uploads\/2020\/05\/Kronplatz-Gipfel-sommer-1-150x100.jpeg 150w\" sizes=\"auto, (max-width: 600px) 100vw, 600px\" \/><\/a><\/figure><div class=\"wp-block-media-text__content\">\n\n<h3 class=\"wp-block-heading\" id=\"mce_1\">Bergbahnen<\/h3>\n\n\n<p>Sobald der letzte Schnee geschmolzen ist, verwandelt sich das <strong>Skigebiet Kronplatz<\/strong> in ein beliebtes Ziel f\u00fcr <strong>Familien<\/strong>, <strong>Wanderer<\/strong>, <strong>Radfahrer<\/strong> und alle, <strong>die Ruhe suchen<\/strong><\/p>\n\n\n<div class=\"wp-block-button alignleft\"><a class=\"wp-block-button__link no-border-radius\" href=\"https:\/\/www.kronplatz.com\/it\/plan-de-corones\" target=\"_blank\" rel=\"noreferrer noopener\">Erfahre Mehr<\/a><\/div>\n\n<\/div><\/div>\n\n\n\n<div style=\"height:30px\" aria-hidden=\"true\" class=\"wp-block-spacer\"><\/div>\n\n\n\n<div class=\"wp-block-media-text is-stacked-on-mobile\"><figure class=\"wp-block-media-text__media\"><a href=\"https:\/\/www.kronplatz.com\/it\/san-vigilio-marebbe\/estate\/arrampicare\" target=\"_blank\" rel=\"noopener noreferrer\"><img loading=\"lazy\" decoding=\"async\" width=\"600\" height=\"400\" src=\"http:\/\/labercia.com\/wp-content\/uploads\/2020\/05\/klettern-st-vigil.jpeg\" alt=\"Klettern in St. Vigil in Enneberg und Umgebung\" class=\"wp-image-893\" srcset=\"https:\/\/labercia.com\/wp-content\/uploads\/2020\/05\/klettern-st-vigil.jpeg 600w, https:\/\/labercia.com\/wp-content\/uploads\/2020\/05\/klettern-st-vigil-300x200.jpeg 300w, https:\/\/labercia.com\/wp-content\/uploads\/2020\/05\/klettern-st-vigil-150x100.jpeg 150w\" sizes=\"auto, (max-width: 600px) 100vw, 600px\" \/><\/a><\/figure><div class=\"wp-block-media-text__content\">\n\n<h3 class=\"has-text-align-left wp-block-heading\" id=\"mce_1\">Klettern<\/h3>\n\n\n<p class=\"has-text-align-left\">Die <strong>Ferienregion Kronplatz<\/strong> und damit auch <strong>St. Vigil<\/strong> bieten zahlreiche M\u00f6glichkeiten zum Klettern, Sportklettern oder Bouldern<\/p>\n\n\n<div class=\"wp-block-button alignleft\"><a class=\"wp-block-button__link no-border-radius\" href=\"https:\/\/www.kronplatz.com\/it\/san-vigilio-marebbe\/estate\/arrampicare\" target=\"_blank\" rel=\"noreferrer noopener\">Erfahre Mehr<\/a><\/div>\n\n<\/div><\/div>\n\n\n\n<div style=\"height:30px\" aria-hidden=\"true\" class=\"wp-block-spacer\"><\/div>\n\n\n\n<div class=\"wp-block-media-text is-stacked-on-mobile\"><figure class=\"wp-block-media-text__media\"><a href=\"https:\/\/www.kronplatz.com\/ciclabile-val-pusteria\" target=\"_blank\" rel=\"noopener noreferrer\"><img loading=\"lazy\" decoding=\"async\" width=\"600\" height=\"400\" src=\"http:\/\/labercia.com\/wp-content\/uploads\/2020\/05\/radtour-pustertal.jpeg\" alt=\"Radfahren auf den zahlreichen Radwegen im Pustertal und in den Seitent\u00e4lern\" class=\"wp-image-967\" srcset=\"https:\/\/labercia.com\/wp-content\/uploads\/2020\/05\/radtour-pustertal.jpeg 600w, https:\/\/labercia.com\/wp-content\/uploads\/2020\/05\/radtour-pustertal-300x200.jpeg 300w, https:\/\/labercia.com\/wp-content\/uploads\/2020\/05\/radtour-pustertal-150x100.jpeg 150w\" sizes=\"auto, (max-width: 600px) 100vw, 600px\" \/><\/a><\/figure><div class=\"wp-block-media-text__content\">\n\n<h3 class=\"wp-block-heading\" id=\"mce_1\">Fahrrad<\/h3>\n\n\n<p>Der <strong>Radweg des Pustertals<\/strong> verl\u00e4uft entlang der Fl\u00fcsse Rienz und Drau <strong>von Franzensfeste nach Lienz in \u00d6sterreich<\/strong>, \u00fcber <strong>Bruneck<\/strong>. Entlang dieser ca. <strong>110 km<\/strong> langen Strecke k\u00f6nnen Sie die Sch\u00f6nheit der Natur bewundern, lokale Br\u00e4uche entdecken und kulturelle G\u00fcter erkunden.<\/p>\n\n\n<div class=\"wp-block-button alignleft\"><a class=\"wp-block-button__link no-border-radius\" href=\"https:\/\/www.kronplatz.com\/ciclabile-val-pusteria\" target=\"_blank\" rel=\"noreferrer noopener\">Erfahre Mehr<\/a><\/div>\n\n\n<p><\/p>\n\n<\/div><\/div>\n\n\n\n<div style=\"height:30px\" aria-hidden=\"true\" class=\"wp-block-spacer\"><\/div>\n\n\n\n<div class=\"wp-block-media-text is-stacked-on-mobile\"><figure class=\"wp-block-media-text__media\"><a href=\"https:\/\/www.kronplatz.com\/it\/estate\/mtb\" target=\"_blank\" rel=\"noopener noreferrer\"><img loading=\"lazy\" decoding=\"async\" width=\"1024\" height=\"683\" src=\"http:\/\/labercia.com\/wp-content\/uploads\/2020\/05\/Fanes-Bike-IDM-byKottersteger-4-1024x683.jpg\" alt=\"Mountainbiker auf Wanderwegen und Wanderwegen in den Naturparks bei St. Vigil in Enneberg\" class=\"wp-image-897\" srcset=\"https:\/\/labercia.com\/wp-content\/uploads\/2020\/05\/Fanes-Bike-IDM-byKottersteger-4-1024x683.jpg 1024w, https:\/\/labercia.com\/wp-content\/uploads\/2020\/05\/Fanes-Bike-IDM-byKottersteger-4-300x200.jpg 300w, https:\/\/labercia.com\/wp-content\/uploads\/2020\/05\/Fanes-Bike-IDM-byKottersteger-4-768x512.jpg 768w, https:\/\/labercia.com\/wp-content\/uploads\/2020\/05\/Fanes-Bike-IDM-byKottersteger-4-1536x1024.jpg 1536w, https:\/\/labercia.com\/wp-content\/uploads\/2020\/05\/Fanes-Bike-IDM-byKottersteger-4-892x594.jpg 892w, https:\/\/labercia.com\/wp-content\/uploads\/2020\/05\/Fanes-Bike-IDM-byKottersteger-4-150x100.jpg 150w, https:\/\/labercia.com\/wp-content\/uploads\/2020\/05\/Fanes-Bike-IDM-byKottersteger-4.jpg 1600w\" sizes=\"auto, (max-width: 1024px) 100vw, 1024px\" \/><\/a><\/figure><div class=\"wp-block-media-text__content\">\n\n<h3 class=\"wp-block-heading\" id=\"mce_1\">Mountainbike<\/h3>\n\n\n<p>Mit dem <strong>Mountainbike<\/strong> k\u00f6nnen Sie die <strong>Pfade<\/strong> durch W\u00e4lder und T\u00e4ler der Dolomiten erkunden, entlang faszinierender Strecken, die f\u00fcr Biker jeden Levels geeignet sind.<br>F\u00fcr sicheres Radfahren k\u00f6nnen Sie sich auf die erfahrenen Guides der zahlreichen <strong>Bike-Schulen<\/strong> verlassen.<\/p>\n\n\n<div class=\"wp-block-button alignleft\"><a class=\"wp-block-button__link no-border-radius\" href=\"https:\/\/www.kronplatz.com\/it\/estate\/mtb\" target=\"_blank\" rel=\"noreferrer noopener\">Erfahre Mehr<\/a><\/div>\n\n<\/div><\/div>\n\n\n\n<div style=\"height:30px\" aria-hidden=\"true\" class=\"wp-block-spacer\"><\/div>\n\n\n\n<div class=\"wp-block-media-text is-stacked-on-mobile\"><figure class=\"wp-block-media-text__media\"><a href=\"http:\/\/www.freeride-kronplatz.com\/it\/\" target=\"_blank\" rel=\"noopener noreferrer\"><img loading=\"lazy\" decoding=\"async\" width=\"1024\" height=\"682\" src=\"http:\/\/labercia.com\/wp-content\/uploads\/2020\/05\/Kronplatz-Bike-byWisthaler-21-1024x682.jpg\" alt=\"Freeride-, Downhil- und Enduro-Strecken am Kronplatz mit Liftanlagen, die von Juni bis Oktober ge\u00f6ffnet sind\" class=\"wp-image-899\" srcset=\"https:\/\/labercia.com\/wp-content\/uploads\/2020\/05\/Kronplatz-Bike-byWisthaler-21-1024x682.jpg 1024w, https:\/\/labercia.com\/wp-content\/uploads\/2020\/05\/Kronplatz-Bike-byWisthaler-21-300x200.jpg 300w, https:\/\/labercia.com\/wp-content\/uploads\/2020\/05\/Kronplatz-Bike-byWisthaler-21-768x511.jpg 768w, https:\/\/labercia.com\/wp-content\/uploads\/2020\/05\/Kronplatz-Bike-byWisthaler-21-1536x1022.jpg 1536w, https:\/\/labercia.com\/wp-content\/uploads\/2020\/05\/Kronplatz-Bike-byWisthaler-21-892x594.jpg 892w, https:\/\/labercia.com\/wp-content\/uploads\/2020\/05\/Kronplatz-Bike-byWisthaler-21-150x100.jpg 150w, https:\/\/labercia.com\/wp-content\/uploads\/2020\/05\/Kronplatz-Bike-byWisthaler-21.jpg 1600w\" sizes=\"auto, (max-width: 1024px) 100vw, 1024px\" \/><\/a><\/figure><div class=\"wp-block-media-text__content\">\n\n<h3 class=\"wp-block-heading\" id=\"mce_1\">MTB Freeride<\/h3>\n\n\n<p>W\u00e4hrend des gesamten Sommers f\u00fchren zahlreiche <strong>Freeride-Strecken<\/strong> von den H\u00e4ngen des <strong>Kronplatzes<\/strong> hinunter. Adrenalin und Spa\u00df sind garantiert Fahrr\u00e4der, Schutzausr\u00fcstung und Instruktoren stehen in den \u00f6rtlichen Bike-Schulen zur Verf\u00fcgung.<\/p>\n\n\n<div class=\"wp-block-button alignleft\"><a class=\"wp-block-button__link no-border-radius\" href=\"http:\/\/www.freeride-kronplatz.com\/it\/\" target=\"_blank\" rel=\"noreferrer noopener\">Erfahre Mehr<\/a><\/div>\n\n\n<p><\/p>\n\n<\/div><\/div>\n\n\n\n<div style=\"height:30px\" aria-hidden=\"true\" class=\"wp-block-spacer\"><\/div>\n\n\n\n<div class=\"wp-block-media-text is-stacked-on-mobile\"><figure class=\"wp-block-media-text__media\"><a href=\"https:\/\/www.adrenalineadventures.it\/\" target=\"_blank\" rel=\"noopener noreferrer\"><img loading=\"lazy\" decoding=\"async\" width=\"550\" height=\"368\" src=\"http:\/\/labercia.com\/wp-content\/uploads\/2020\/05\/zipline-summer.jpg\" alt=\"Die gr\u00f6\u00dfte Seilrutsche Europas oberhalb von St. Vigil in Enneberg sorgt f\u00fcr Adrenalin und Spa\u00df\" class=\"wp-image-963\" srcset=\"https:\/\/labercia.com\/wp-content\/uploads\/2020\/05\/zipline-summer.jpg 550w, https:\/\/labercia.com\/wp-content\/uploads\/2020\/05\/zipline-summer-300x201.jpg 300w, https:\/\/labercia.com\/wp-content\/uploads\/2020\/05\/zipline-summer-150x100.jpg 150w\" sizes=\"auto, (max-width: 550px) 100vw, 550px\" \/><\/a><\/figure><div class=\"wp-block-media-text__content\">\n\n<h3 class=\"has-text-align-left wp-block-heading\" id=\"mce_1\">Seilrutsche<\/h3>\n\n\n<p>Diejenigen, die <strong>Nervenkitzel<\/strong> lieben, k\u00f6nnen sich an einer <strong>speziellen Seilrutsche<\/strong> vom Dorf St. Vigil aus in die Luft st\u00fcrzen lassen, die sie sicher von einer schwebenden Plattform zur n\u00e4chsten bringt. Die Strecke hat <strong>10 Abschnitte<\/strong> mit insgesamt <strong>3.200 m.m<\/strong>.<\/p>\n\n\n<div class=\"wp-block-button alignleft\"><a class=\"wp-block-button__link no-border-radius\" href=\"https:\/\/www.adrenalineadventures.it\/\" target=\"_blank\" rel=\"noreferrer noopener\">Erfahre Mehr<\/a><\/div>\n\n<\/div><\/div>\n\n\n\n<div style=\"height:30px\" aria-hidden=\"true\" class=\"wp-block-spacer\"><\/div>\n\n\n\n<div class=\"wp-block-media-text\"><figure class=\"wp-block-media-text__media\"><a href=\"https:\/\/www.sanvigilio.com\/it\/Estate\/ulteriori-attivita\/passeggiate-a-cavallo\" target=\"_blank\" rel=\"noopener noreferrer\"><img loading=\"lazy\" decoding=\"async\" width=\"1024\" height=\"756\" src=\"http:\/\/labercia.com\/wp-content\/uploads\/2020\/05\/sportE_10-1024x756.jpg\" alt=\"Reiten in den ladinischen T\u00e4lern \" class=\"wp-image-990 size-full\" srcset=\"https:\/\/labercia.com\/wp-content\/uploads\/2020\/05\/sportE_10-1024x756.jpg 1024w, https:\/\/labercia.com\/wp-content\/uploads\/2020\/05\/sportE_10-300x222.jpg 300w, https:\/\/labercia.com\/wp-content\/uploads\/2020\/05\/sportE_10-768x567.jpg 768w, https:\/\/labercia.com\/wp-content\/uploads\/2020\/05\/sportE_10-892x659.jpg 892w, https:\/\/labercia.com\/wp-content\/uploads\/2020\/05\/sportE_10.jpg 1040w\" sizes=\"auto, (max-width: 1024px) 100vw, 1024px\" \/><\/a><\/figure><div class=\"wp-block-media-text__content\">\n<h3 class=\"wp-block-heading has-text-align-left\" id=\"mce_1\">Reiten<\/h3>\n\n\n\n<p>Erkunden Sie die wunderbare Ladiner Welt auf dem Pferder\u00fccken, mitten in den Dolomiten und dar\u00fcber hinaus: Das Sitting Bull Ranch bietet alles, was Sie ben\u00f6tigen, von Unterricht f\u00fcr Neulinge oder zur Auffrischung Ihrer Technik bis hin zu l\u00e4ngeren und anspruchsvolleren Trekkingtouren. <\/p>\n\n\n\n<div class=\"wp-block-button alignleft\"><a class=\"wp-block-button__link wp-element-button\" href=\"https:\/\/www.sanvigilio.com\/it\/Estate\/ulteriori-attivita\/passeggiate-a-cavallo\" target=\"_blank\" rel=\"noreferrer noopener\">Erfahre Mehr<\/a><\/div>\n<\/div><\/div>\n\n\n\n<div style=\"height:30px\" aria-hidden=\"true\" class=\"wp-block-spacer\"><\/div>\n\n\n\n<div class=\"wp-block-media-text\"><figure class=\"wp-block-media-text__media\"><a href=\"https:\/\/www.kronplatz.com\/it\/plan-de-corones\/estate\/parapendio-voli-tandem\" target=\"_blank\" rel=\"noopener noreferrer\"><img loading=\"lazy\" decoding=\"async\" width=\"533\" height=\"400\" src=\"http:\/\/labercia.com\/wp-content\/uploads\/2020\/05\/Tandemflights.jpg\" alt=\"Paragliding-Tandemfl\u00fcge \u00fcber den Kronplatz und die umliegenden T\u00e4ler\" class=\"wp-image-1010\" srcset=\"https:\/\/labercia.com\/wp-content\/uploads\/2020\/05\/Tandemflights.jpg 533w, https:\/\/labercia.com\/wp-content\/uploads\/2020\/05\/Tandemflights-300x225.jpg 300w\" sizes=\"auto, (max-width: 533px) 100vw, 533px\" \/><\/a><\/figure><div class=\"wp-block-media-text__content\">\n\n<h3 class=\"has-text-align-left wp-block-heading\" id=\"mce_1\">Tandem-Paragliding<\/h3>\n\n\n<p>Fliegen Sie \u00fcber den Kronplatz und die umliegenden T\u00e4ler, bequem in einem Gurtzeug, das mit dem Instruktor-Piloten verbunden ist, der das Segel sicher steuert. Ein paar Schritte reichen aus, um abzuheben!<\/p>\n\n\n<div class=\"wp-block-button alignleft\"><a class=\"wp-block-button__link no-border-radius\" href=\"https:\/\/www.kronplatz.com\/it\/plan-de-corones\/estate\/parapendio-voli-tandem\" target=\"_blank\" rel=\"noreferrer noopener\">Erfahre Mehr<\/a><\/div>\n\n<\/div><\/div>\n\n\n\n<div style=\"height:50px\" aria-hidden=\"true\" class=\"wp-block-spacer\"><\/div>\n\n\n\n<div class=\"wp-block-media-text\"><figure class=\"wp-block-media-text__media\"><a href=\"https:\/\/kronaction.com\/?lang=it\" target=\"_blank\" rel=\"noopener noreferrer\"><img loading=\"lazy\" decoding=\"async\" width=\"1000\" height=\"667\" src=\"http:\/\/labercia.com\/wp-content\/uploads\/2020\/05\/Kronaction-allrounder.jpg\" alt=\"\" class=\"wp-image-1076\" srcset=\"https:\/\/labercia.com\/wp-content\/uploads\/2020\/05\/Kronaction-allrounder.jpg 1000w, https:\/\/labercia.com\/wp-content\/uploads\/2020\/05\/Kronaction-allrounder-300x200.jpg 300w, https:\/\/labercia.com\/wp-content\/uploads\/2020\/05\/Kronaction-allrounder-768x512.jpg 768w, https:\/\/labercia.com\/wp-content\/uploads\/2020\/05\/Kronaction-allrounder-892x594.jpg 892w, https:\/\/labercia.com\/wp-content\/uploads\/2020\/05\/Kronaction-allrounder-150x100.jpg 150w\" sizes=\"auto, (max-width: 1000px) 100vw, 1000px\" \/><\/a><\/figure><div class=\"wp-block-media-text__content\">\n\n<h3 class=\"has-text-align-left wp-block-heading\" id=\"mce_1\">Abenteuerpark KronAction<\/h3>\n\n\n<p>In der N\u00e4he des Issinger Sees, zwischen Kiens und Pfalzen, bietet der gr\u00f6\u00dfte Abenteuerpark in S\u00fcdtirol Spa\u00df, Aufregung und Nervenkitzel. Es gibt Angebote f\u00fcr die ganze Familie: Gro\u00df und Klein haben die Qual der Wahl.<\/p>\n\n\n<div class=\"wp-block-button alignleft\"><a class=\"wp-block-button__link no-border-radius\" href=\"https:\/\/kronaction.com\/?lang=it\" target=\"_blank\" rel=\"noreferrer noopener\">Erfahre Mehr<\/a><\/div>\n\n\n<p><\/p>\n\n<\/div><\/div>\n\n\n\n<div style=\"height:30px\" aria-hidden=\"true\" class=\"wp-block-spacer\"><\/div>\n\n\n\n<h3 class=\"wp-block-heading\">Weitere Aktivit\u00e4ten<\/h3>\n\n\n<p><strong>Rafting und Canyoning<\/strong>: Zahlreiche M\u00f6glichkeiten auf den Fl\u00fcssen Rienz und Ahr, mit erfahrenen F\u00fchrern und Ausr\u00fcstungsverleih. <a href=\"https:\/\/www.kronplatz.com\/it\/estate\/rafting-canyoning\" target=\"_blank\" rel=\"noopener noreferrer\">INFO<\/a><\/p>\n<hr>\n<p><strong>Schwimmen und Wellness<\/strong>: Cron4 in Reischach, ein Zentrum mit Sportbecken, Pools, Behandlungen und gro\u00dfer Saunalandschaft. <a href=\"https:\/\/www.cron4.it\/\" target=\"_blank\" rel=\"noopener noreferrer\">INFO<\/a><\/p>\n<hr>\n<p><strong>Tennis<\/strong>: Am Sportzentrum Ciamaor gibt es zwei Sandpl\u00e4tze und zwei Kunstrasenpl\u00e4tze. <a href=\"https:\/\/guestinfo.sanvigilio.com\/it\/active\/show\/1541-campi-da-tennis-ciamaor\" target=\"_blank\" rel=\"noopener noreferrer\">INFO<\/a><\/p>\n<hr>\n<p><strong>Golf:<\/strong> Golf Club Kronplatz, im Sportbereich in Reischach, mit einem 9-Loch-Platz. <a href=\"https:\/\/www.golfpustertal.com\/it\/golfclub\/quote-associative.aspx\" target=\"_blank\" rel=\"noopener noreferrer\">INFO<\/a><\/p>","protected":false},"excerpt":{"rendered":"<p>St. Vigil in Enneberg und seine Umgebung bieten dank des gro\u00dfen Naturparks Fanes-Sennes-Prags und der N\u00e4he zum Kronplatz eine Vielzahl von Aktivit\u00e4ten in der Sommersaison an, von entspannenden bis hin zu adrenalinhaltigen, um die Bed\u00fcrfnisse aller G\u00e4ste zu erf\u00fcllen. Hier finden Sie eine Liste einiger m\u00f6glicher Aktivit\u00e4ten in St.Vigil und Umgebung im Sommer: Weitere Aktivit\u00e4ten [&hellip;]<\/p>\n","protected":false},"author":1,"featured_media":1532,"parent":0,"menu_order":4,"comment_status":"closed","ping_status":"closed","template":"template-wide-page.php","meta":{"footnotes":""},"class_list":["post-1684","page","type-page","status-publish","has-post-thumbnail","hentry"],"_links":{"self":[{"href":"https:\/\/labercia.com\/de\/wp-json\/wp\/v2\/pages\/1684","targetHints":{"allow":["GET"]}}],"collection":[{"href":"https:\/\/labercia.com\/de\/wp-json\/wp\/v2\/pages"}],"about":[{"href":"https:\/\/labercia.com\/de\/wp-json\/wp\/v2\/types\/page"}],"author":[{"embeddable":true,"href":"https:\/\/labercia.com\/de\/wp-json\/wp\/v2\/users\/1"}],"replies":[{"embeddable":true,"href":"https:\/\/labercia.com\/de\/wp-json\/wp\/v2\/comments?post=1684"}],"version-history":[{"count":3,"href":"https:\/\/labercia.com\/de\/wp-json\/wp\/v2\/pages\/1684\/revisions"}],"predecessor-version":[{"id":1787,"href":"https:\/\/labercia.com\/de\/wp-json\/wp\/v2\/pages\/1684\/revisions\/1787"}],"wp:featuredmedia":[{"embeddable":true,"href":"https:\/\/labercia.com\/de\/wp-json\/wp\/v2\/media\/1532"}],"wp:attachment":[{"href":"https:\/\/labercia.com\/de\/wp-json\/wp\/v2\/media?parent=1684"}],"curies":[{"name":"wp","href":"https:\/\/api.w.org\/{rel}","templated":true}]}}