{"id":1685,"date":"2020-05-20T23:22:09","date_gmt":"2020-05-20T21:22:09","guid":{"rendered":"http:\/\/labercia.com\/winter-in-sankt-vigil-in-enneberg\/"},"modified":"2023-10-11T10:53:45","modified_gmt":"2023-10-11T08:53:45","slug":"winter-in-sankt-vigil-in-enneberg","status":"publish","type":"page","link":"https:\/\/labercia.com\/de\/winter-in-sankt-vigil-in-enneberg\/","title":{"rendered":"Winter in Sankt Vigil in Enneberg"},"content":{"rendered":"\n<p class=\"has-text-align-center\"><strong>St. Vigil in Enneberg<\/strong> und seine Umgebung bieten dank des gro\u00dfen <strong>Naturparks Fanes-Sennes-Prags<\/strong> und der N\u00e4he zum <strong>Kronplatz<\/strong> eine Vielzahl von Aktivit\u00e4ten in der Wintersaison an, von entspannenden bis hin zu adrenalinhaltigen, um die Bed\u00fcrfnisse aller G\u00e4ste zu erf\u00fcllen.<br><\/p>\n\n\n\n<p class=\"has-text-align-center\">Hier finden Sie eine Liste einiger m\u00f6glicher Aktivit\u00e4ten in St.Vigil in Enneberg und Umgebung im Winter:<\/p>\n\n\n\n<p class=\"has-text-align-center\"><br><\/p>\n\n\n\n<div style=\"height:30px\" aria-hidden=\"true\" class=\"wp-block-spacer\"><\/div>\n\n\n\n<div class=\"wp-block-media-text is-vertically-aligned-center\"><figure class=\"wp-block-media-text__media\"><a href=\"https:\/\/www.kronplatz.com\/it\/san-vigilio-marebbe\/inverno\/sciare-snowboard\" target=\"_blank\" rel=\"Sciare a Plan de Corones noopener noreferrer\"><img loading=\"lazy\" decoding=\"async\" width=\"1024\" height=\"683\" src=\"http:\/\/labercia.com\/wp-content\/uploads\/2020\/06\/MMM-Corones-Kronplatz-byWisthaler-3-1024x683.jpg\" alt=\"Skifahren am Kronplatz - Dolomiti Superski\" class=\"wp-image-1314\" srcset=\"https:\/\/labercia.com\/wp-content\/uploads\/2020\/06\/MMM-Corones-Kronplatz-byWisthaler-3-1024x683.jpg 1024w, https:\/\/labercia.com\/wp-content\/uploads\/2020\/06\/MMM-Corones-Kronplatz-byWisthaler-3-300x200.jpg 300w, https:\/\/labercia.com\/wp-content\/uploads\/2020\/06\/MMM-Corones-Kronplatz-byWisthaler-3-768x512.jpg 768w, https:\/\/labercia.com\/wp-content\/uploads\/2020\/06\/MMM-Corones-Kronplatz-byWisthaler-3-1536x1024.jpg 1536w, https:\/\/labercia.com\/wp-content\/uploads\/2020\/06\/MMM-Corones-Kronplatz-byWisthaler-3-892x594.jpg 892w, https:\/\/labercia.com\/wp-content\/uploads\/2020\/06\/MMM-Corones-Kronplatz-byWisthaler-3-150x100.jpg 150w, https:\/\/labercia.com\/wp-content\/uploads\/2020\/06\/MMM-Corones-Kronplatz-byWisthaler-3.jpg 1600w\" sizes=\"auto, (max-width: 1024px) 100vw, 1024px\" \/><\/a><\/figure><div class=\"wp-block-media-text__content\">\n\n<h3 class=\"wp-block-heading\" id=\"mce_1\">Alpinski<\/h3>\n\n\n<p>Der <strong>Kronplatz<\/strong> ist das Nummer-1-Skigebiet in S\u00fcdtirol mit seinen <strong>119 km<\/strong> perfekt pr\u00e4parierten Pisten. Die <strong>Sellaronda-Tour<\/strong> ist ein <em>Muss<\/em>, um die herrlichen Dolomitenlandschaften zu bewundern. Au\u00dferdem k\u00f6nnen Sie unter den Flutlichtern <strong>nachts Skifahren<\/strong>!<\/p>\n\n\n<div class=\"wp-block-button alignleft\"><a class=\"wp-block-button__link no-border-radius\" href=\"https:\/\/www.kronplatz.com\/it\/san-vigilio-marebbe\/inverno\/sciare-snowboard\" target=\"_blank\" rel=\"noreferrer noopener\">Erfahre Mehr<\/a><\/div>\n\n<\/div><\/div>\n\n\n\n<div style=\"height:30px\" aria-hidden=\"true\" class=\"wp-block-spacer\"><\/div>\n\n\n\n<div class=\"wp-block-media-text is-vertically-aligned-center\"><figure class=\"wp-block-media-text__media\"><a href=\"https:\/\/guestinfo.sanvigilio.com\/it\/active\/3-ski-da-fondo\" target=\"_blank\" rel=\"noopener noreferrer\"><img loading=\"lazy\" decoding=\"async\" width=\"1024\" height=\"768\" src=\"http:\/\/labercia.com\/wp-content\/uploads\/2020\/06\/Fondo-Ped-1024x768.jpeg\" alt=\"Langlauf im Enneberger Tal, im Naturpark Fanes-Sennes-Prags\" class=\"wp-image-1319\" srcset=\"https:\/\/labercia.com\/wp-content\/uploads\/2020\/06\/Fondo-Ped-1024x768.jpeg 1024w, https:\/\/labercia.com\/wp-content\/uploads\/2020\/06\/Fondo-Ped-300x225.jpeg 300w, https:\/\/labercia.com\/wp-content\/uploads\/2020\/06\/Fondo-Ped-768x576.jpeg 768w, https:\/\/labercia.com\/wp-content\/uploads\/2020\/06\/Fondo-Ped-892x669.jpeg 892w, https:\/\/labercia.com\/wp-content\/uploads\/2020\/06\/Fondo-Ped.jpeg 1200w\" sizes=\"auto, (max-width: 1024px) 100vw, 1024px\" \/><\/a><\/figure><div class=\"wp-block-media-text__content\">\n\n<h3 class=\"wp-block-heading\" id=\"mce_1\">Langlauf<\/h3>\n\n\n<p>Am Rand des Dorfes San Vigilio f\u00fchrt eine perfekt pr\u00e4parierte Loipe in das ruhige \u201eVal de Mareo\u201c unter den Tannen. Skifahren im <strong>Naturpark Fanes-Sennes-Prags<\/strong> oder <strong>Puez-Odle<\/strong> ist ein echtes Erlebnis&#8230;<\/p>\n\n\n<div class=\"wp-block-button alignleft\"><a class=\"wp-block-button__link no-border-radius\" href=\"https:\/\/guestinfo.sanvigilio.com\/it\/active\/3-ski-da-fondo\" target=\"_blank\" rel=\"noreferrer noopener\">Erfahre Mehr<\/a><\/div>\n\n\n<p><\/p>\n\n<\/div><\/div>\n\n\n\n<div style=\"height:30px\" aria-hidden=\"true\" class=\"wp-block-spacer\"><\/div>\n\n\n\n<div class=\"wp-block-media-text\"><figure class=\"wp-block-media-text__media\"><a href=\"https:\/\/guestinfo.sanvigilio.com\/it\/active\/12-escursionismo-winter\" target=\"_blank\" rel=\"noopener noreferrer\"><img loading=\"lazy\" decoding=\"async\" width=\"1024\" height=\"684\" src=\"http:\/\/labercia.com\/wp-content\/uploads\/2020\/06\/Medalghes-Wandern-byCocoGianvito-24-1-1024x684.jpg\" alt=\"Schneeschuhwandern in den Naturparks Fanes-Sennes-Prags und Puez Geisler\" class=\"wp-image-1321\" srcset=\"https:\/\/labercia.com\/wp-content\/uploads\/2020\/06\/Medalghes-Wandern-byCocoGianvito-24-1-1024x684.jpg 1024w, https:\/\/labercia.com\/wp-content\/uploads\/2020\/06\/Medalghes-Wandern-byCocoGianvito-24-1-300x200.jpg 300w, https:\/\/labercia.com\/wp-content\/uploads\/2020\/06\/Medalghes-Wandern-byCocoGianvito-24-1-768x513.jpg 768w, https:\/\/labercia.com\/wp-content\/uploads\/2020\/06\/Medalghes-Wandern-byCocoGianvito-24-1-1536x1025.jpg 1536w, https:\/\/labercia.com\/wp-content\/uploads\/2020\/06\/Medalghes-Wandern-byCocoGianvito-24-1-892x595.jpg 892w, https:\/\/labercia.com\/wp-content\/uploads\/2020\/06\/Medalghes-Wandern-byCocoGianvito-24-1-150x100.jpg 150w, https:\/\/labercia.com\/wp-content\/uploads\/2020\/06\/Medalghes-Wandern-byCocoGianvito-24-1.jpg 1600w\" sizes=\"auto, (max-width: 1024px) 100vw, 1024px\" \/><\/a><\/figure><div class=\"wp-block-media-text__content\">\n\n<h3 class=\"has-text-align-left wp-block-heading\" id=\"mce_1\">Schneeschuhwandern<\/h3>\n\n\n<p class=\"has-text-align-left\">Die Naturparks <strong>Fanes-Sennes-Braies<\/strong> oder <strong>Puez Odle<\/strong>, die im Winter reichlich Schnee haben, k\u00f6nnen auch im Winter mit <strong>Schneeschuhen<\/strong> erkundet werden und bieten einzigartige Ausblicke inmitten <strong>unber\u00fchrter Natur<\/strong>. <\/p>\n\n\n<div class=\"wp-block-button alignleft\"><a class=\"wp-block-button__link no-border-radius\" href=\"https:\/\/guestinfo.sanvigilio.com\/it\/active\/12-escursionismo-winter\" target=\"_blank\" rel=\"noreferrer noopener\">Erfahre Mehr<\/a><\/div>\n\n\n<p><\/p>\n\n<\/div><\/div>\n\n\n\n<div style=\"height:30px\" aria-hidden=\"true\" class=\"wp-block-spacer\"><\/div>\n\n\n\n<div class=\"wp-block-media-text\"><figure class=\"wp-block-media-text__media\"><a href=\"https:\/\/guestinfo.sanvigilio.com\/it\/active\/5-piste-da-slittino\" target=\"_blank\" rel=\"noopener noreferrer\"><img loading=\"lazy\" decoding=\"async\" width=\"1024\" height=\"683\" src=\"http:\/\/labercia.com\/wp-content\/uploads\/2020\/06\/Rodeln-byMierswa-1024x683.jpg\" alt=\"Rodeln mit Rodelbahn oder auf Naturpisten, tags\u00fcber oder nachts.\" class=\"wp-image-1333\" srcset=\"https:\/\/labercia.com\/wp-content\/uploads\/2020\/06\/Rodeln-byMierswa-1024x683.jpg 1024w, https:\/\/labercia.com\/wp-content\/uploads\/2020\/06\/Rodeln-byMierswa-300x200.jpg 300w, https:\/\/labercia.com\/wp-content\/uploads\/2020\/06\/Rodeln-byMierswa-768x512.jpg 768w, https:\/\/labercia.com\/wp-content\/uploads\/2020\/06\/Rodeln-byMierswa-1536x1024.jpg 1536w, https:\/\/labercia.com\/wp-content\/uploads\/2020\/06\/Rodeln-byMierswa-892x594.jpg 892w, https:\/\/labercia.com\/wp-content\/uploads\/2020\/06\/Rodeln-byMierswa-150x100.jpg 150w, https:\/\/labercia.com\/wp-content\/uploads\/2020\/06\/Rodeln-byMierswa.jpg 1600w\" sizes=\"auto, (max-width: 1024px) 100vw, 1024px\" \/><\/a><\/figure><div class=\"wp-block-media-text__content\">\n\n<h3 class=\"wp-block-heading\" id=\"mce_1\">Rodeln<\/h3>\n\n\n<p>Es gibt zahlreiche <strong>Rodelbahnen<\/strong> in <strong>San Vigilio<\/strong> und Umgebung. Diese sind zu Fu\u00df oder mit den Aufstiegsanlagen erreichbar. Au\u00dferdem kann man auch <strong>nachts rodeln<\/strong>. Ob tags\u00fcber oder nachts, der Spa\u00df ist garantiert!<\/p>\n\n\n<div class=\"wp-block-button alignleft\"><a class=\"wp-block-button__link no-border-radius\" href=\"https:\/\/guestinfo.sanvigilio.com\/it\/active\/5-piste-da-slittino\" target=\"_blank\" rel=\"noreferrer noopener\">Erfahre Mehr<\/a><\/div>\n\n<\/div><\/div>\n\n\n\n<div style=\"height:30px\" aria-hidden=\"true\" class=\"wp-block-spacer\"><\/div>\n\n\n\n<div class=\"wp-block-media-text\"><figure class=\"wp-block-media-text__media\"><a href=\"https:\/\/www.kronplatz.com\/it\/san-vigilio-marebbe\/inverno\/sci-alpinismo\" target=\"_blank\" rel=\"noopener noreferrer\"><img loading=\"lazy\" decoding=\"async\" width=\"1024\" height=\"683\" src=\"http:\/\/labercia.com\/wp-content\/uploads\/2020\/06\/SkiTouring-byManuel-Kottersteger-2-1024x683.jpg\" alt=\"Skitouren in den Naturparks in den spektakul\u00e4ren Dolomiten.\" class=\"wp-image-1335\" srcset=\"https:\/\/labercia.com\/wp-content\/uploads\/2020\/06\/SkiTouring-byManuel-Kottersteger-2-1024x683.jpg 1024w, https:\/\/labercia.com\/wp-content\/uploads\/2020\/06\/SkiTouring-byManuel-Kottersteger-2-300x200.jpg 300w, https:\/\/labercia.com\/wp-content\/uploads\/2020\/06\/SkiTouring-byManuel-Kottersteger-2-768x512.jpg 768w, https:\/\/labercia.com\/wp-content\/uploads\/2020\/06\/SkiTouring-byManuel-Kottersteger-2-1536x1024.jpg 1536w, https:\/\/labercia.com\/wp-content\/uploads\/2020\/06\/SkiTouring-byManuel-Kottersteger-2-892x594.jpg 892w, https:\/\/labercia.com\/wp-content\/uploads\/2020\/06\/SkiTouring-byManuel-Kottersteger-2-150x100.jpg 150w, https:\/\/labercia.com\/wp-content\/uploads\/2020\/06\/SkiTouring-byManuel-Kottersteger-2.jpg 1600w\" sizes=\"auto, (max-width: 1024px) 100vw, 1024px\" \/><\/a><\/figure><div class=\"wp-block-media-text__content\">\n\n<h3 class=\"wp-block-heading\" id=\"mce_1\">Skitouren<\/h3>\n\n\n<p>M\u00f6chten Sie sich in der <strong>unber\u00fchrten Natur<\/strong> auf Skiern bewegen? Dann ist Skitourengehen genau das Richtige f\u00fcr Sie! In den Naturparks <strong>Fanes-Sennes-Braies<\/strong> oder <strong>Puez Odle<\/strong> k\u00f6nnen Sie spektakul\u00e4re verschneite Landschaften mit Skiern erkunden.<\/p>\n\n\n<div class=\"wp-block-button alignleft\"><a class=\"wp-block-button__link no-border-radius\" href=\"https:\/\/www.kronplatz.com\/it\/san-vigilio-marebbe\/inverno\/sci-alpinismo\" target=\"_blank\" rel=\"noreferrer noopener\">Erfahre Mehr<\/a><\/div>\n\n<\/div><\/div>\n\n\n\n<div style=\"height:30px\" aria-hidden=\"true\" class=\"wp-block-spacer\"><\/div>\n\n\n\n<div class=\"wp-block-media-text\"><figure class=\"wp-block-media-text__media\"><a href=\"https:\/\/guestinfo.sanvigilio.com\/it\/active\/12-escursionismo-winter\" target=\"_blank\" rel=\"noopener noreferrer\"><img loading=\"lazy\" decoding=\"async\" width=\"1024\" height=\"682\" src=\"http:\/\/labercia.com\/wp-content\/uploads\/2020\/06\/Fodara-Vedla-Wandern-byRier-4-1024x682.jpg\" alt=\"Wandern auf verschneiten Wanderwegen zu den im Winter ge\u00f6ffneten H\u00fctten\" class=\"wp-image-1336\" srcset=\"https:\/\/labercia.com\/wp-content\/uploads\/2020\/06\/Fodara-Vedla-Wandern-byRier-4-1024x682.jpg 1024w, https:\/\/labercia.com\/wp-content\/uploads\/2020\/06\/Fodara-Vedla-Wandern-byRier-4-300x200.jpg 300w, https:\/\/labercia.com\/wp-content\/uploads\/2020\/06\/Fodara-Vedla-Wandern-byRier-4-768x511.jpg 768w, https:\/\/labercia.com\/wp-content\/uploads\/2020\/06\/Fodara-Vedla-Wandern-byRier-4-1536x1022.jpg 1536w, https:\/\/labercia.com\/wp-content\/uploads\/2020\/06\/Fodara-Vedla-Wandern-byRier-4-892x594.jpg 892w, https:\/\/labercia.com\/wp-content\/uploads\/2020\/06\/Fodara-Vedla-Wandern-byRier-4-150x100.jpg 150w, https:\/\/labercia.com\/wp-content\/uploads\/2020\/06\/Fodara-Vedla-Wandern-byRier-4.jpg 1600w\" sizes=\"auto, (max-width: 1024px) 100vw, 1024px\" \/><\/a><\/figure><div class=\"wp-block-media-text__content\">\n\n<h3 class=\"has-text-align-left wp-block-heading\" id=\"mce_1\">Winterwanderungen<\/h3>\n\n\n<p>Im Winter sind <strong>viele H\u00fctten<\/strong> in <strong>St. Vigil<\/strong> und Umgebung <strong>ge\u00f6ffnet<\/strong>. Es gibt nichts Besseres als nach einer aufregenden <strong>Winterwanderung auf festgestampftem Schnee<\/strong> ein hei\u00dfes Getr\u00e4nk zu genie\u00dfen und die einzigartigen Landschaften zu bewundern.<\/p>\n\n\n<div class=\"wp-block-button alignleft\"><a class=\"wp-block-button__link no-border-radius\" href=\"https:\/\/guestinfo.sanvigilio.com\/it\/active\/12-escursionismo-winter\" target=\"_blank\" rel=\"noreferrer noopener\">Erfahre Mehr<\/a><\/div>\n\n\n<p><\/p>\n\n<\/div><\/div>\n\n\n\n<div style=\"height:30px\" aria-hidden=\"true\" class=\"wp-block-spacer\"><\/div>\n\n\n\n<div class=\"wp-block-media-text\"><figure class=\"wp-block-media-text__media\"><a href=\"https:\/\/www.kronplatz.com\/it\/plan-de-corones\/estate\/parapendio-voli-tandem\" target=\"_blank\" rel=\"noopener noreferrer\"><img loading=\"lazy\" decoding=\"async\" width=\"533\" height=\"400\" src=\"http:\/\/labercia.com\/wp-content\/uploads\/2020\/06\/para_inverno.jpg\" alt=\"Gleitschirm-Tandemfl\u00fcge \u00fcber den Kronplatz und seine T\u00e4ler.\" class=\"wp-image-1339\" srcset=\"https:\/\/labercia.com\/wp-content\/uploads\/2020\/06\/para_inverno.jpg 533w, https:\/\/labercia.com\/wp-content\/uploads\/2020\/06\/para_inverno-300x225.jpg 300w\" sizes=\"auto, (max-width: 533px) 100vw, 533px\" \/><\/a><\/figure><div class=\"wp-block-media-text__content\">\n\n<h3 class=\"has-text-align-left wp-block-heading\" id=\"mce_1\">Tandem-Paragliding<\/h3>\n\n\n<p>Fliegen Sie \u00fcber den <strong>Kronplatz<\/strong> und die umliegenden T\u00e4ler, bequem in einem Gurtzeug, das mit dem Instruktor-Piloten verbunden ist, der das Segel sicher steuert. Ein paar Schritte reichen aus, um abzuheben!<\/p>\n\n\n<div class=\"wp-block-button alignleft\"><a class=\"wp-block-button__link no-border-radius\" href=\"https:\/\/www.kronplatz.com\/it\/plan-de-corones\/estate\/parapendio-voli-tandem\" target=\"_blank\" rel=\"noreferrer noopener\">Erfahre Mehr<\/a><\/div>\n\n<\/div><\/div>\n\n\n\n<div style=\"height:30px\" aria-hidden=\"true\" class=\"wp-block-spacer\"><\/div>\n\n\n\n<h3 class=\"wp-block-heading\">Weitere Aktivit\u00e4ten<\/h3>\n\n\n<p><strong>Eislaufen<\/strong>: Es gibt eine Eislaufbahn im Zentrum von St. Vigil oder in Antermoia und Lungiar\u00fc. <a href=\"https:\/\/www.kronplatz.com\/it\/san-vigilio-marebbe\/inverno\/pattinare\" target=\"_blank\" rel=\"noopener noreferrer\">INFO<\/a><\/p>\n<hr>\n<p><strong>Schwimmen und Wellness<\/strong>: Cron4 in Reischach, ein Zentrum mit Sportbecken, Pools, Behandlungen und gro\u00dfer Saunalandschaft. <a href=\"https:\/\/www.cron4.it\/\" target=\"_blank\" rel=\"noopener noreferrer\">INFO<\/a><\/p>\n<\/p>","protected":false},"excerpt":{"rendered":"<p>St. Vigil in Enneberg und seine Umgebung bieten dank des gro\u00dfen Naturparks Fanes-Sennes-Prags und der N\u00e4he zum Kronplatz eine Vielzahl von Aktivit\u00e4ten in der Wintersaison an, von entspannenden bis hin zu adrenalinhaltigen, um die Bed\u00fcrfnisse aller G\u00e4ste zu erf\u00fcllen. Hier finden Sie eine Liste einiger m\u00f6glicher Aktivit\u00e4ten in St.Vigil in Enneberg und Umgebung im Winter: [&hellip;]<\/p>\n","protected":false},"author":1,"featured_media":1618,"parent":0,"menu_order":5,"comment_status":"closed","ping_status":"closed","template":"template-wide-page.php","meta":{"footnotes":""},"class_list":["post-1685","page","type-page","status-publish","has-post-thumbnail","hentry"],"_links":{"self":[{"href":"https:\/\/labercia.com\/de\/wp-json\/wp\/v2\/pages\/1685","targetHints":{"allow":["GET"]}}],"collection":[{"href":"https:\/\/labercia.com\/de\/wp-json\/wp\/v2\/pages"}],"about":[{"href":"https:\/\/labercia.com\/de\/wp-json\/wp\/v2\/types\/page"}],"author":[{"embeddable":true,"href":"https:\/\/labercia.com\/de\/wp-json\/wp\/v2\/users\/1"}],"replies":[{"embeddable":true,"href":"https:\/\/labercia.com\/de\/wp-json\/wp\/v2\/comments?post=1685"}],"version-history":[{"count":1,"href":"https:\/\/labercia.com\/de\/wp-json\/wp\/v2\/pages\/1685\/revisions"}],"predecessor-version":[{"id":1788,"href":"https:\/\/labercia.com\/de\/wp-json\/wp\/v2\/pages\/1685\/revisions\/1788"}],"wp:featuredmedia":[{"embeddable":true,"href":"https:\/\/labercia.com\/de\/wp-json\/wp\/v2\/media\/1618"}],"wp:attachment":[{"href":"https:\/\/labercia.com\/de\/wp-json\/wp\/v2\/media?parent=1685"}],"curies":[{"name":"wp","href":"https:\/\/api.w.org\/{rel}","templated":true}]}}