{"id":1646,"date":"2018-11-13T13:45:18","date_gmt":"2018-11-13T12:45:18","guid":{"rendered":"http:\/\/labercia.com\/bed-breakfast-villa-la-bercia\/villa-la-bercia\/"},"modified":"2024-07-15T16:33:31","modified_gmt":"2024-07-15T14:33:31","slug":"villa-la-bercia","status":"publish","type":"page","link":"https:\/\/labercia.com\/en\/bed-breakfast-villa-la-bercia\/villa-la-bercia\/","title":{"rendered":"Villa La Bercia"},"content":{"rendered":"\n<p>Il <strong>Bed &amp; Breakfast Villa la Bercia<\/strong> \u00e8 situato a pochi passi dal paese di <strong>San Vigilio di Marebbe<\/strong>, una piccola perla immersa nel verde, tra la <strong>Val Pusteria<\/strong> e la <strong>Val Badia<\/strong>.<\/p>\n\n\n\n<p>Dotato di un ampio giardino, il B&amp;B Villa la Bercia offre ai propri ospiti la possibilit\u00e0 di una vacanza all\u2019insegna del relax, immersi nello spettacolare contesto delle Dolomiti.<\/p>\n\n\n\n<p>La casa \u00e8 anche il punto di partenza di moltissime passeggiate che vi porteranno alla scoperta di meravigliosi paesaggi naturali. Il B&amp;B Villa la Bercia \u00e8 il luogo ideale per chi cerca serenit\u00e0 e relax, senza rinunciare alla comodit\u00e0 di trovarsi in paese.<\/p>\n\n\n\n<div class=\"wp-block-button\"><a class=\"wp-block-button__link wp-element-button\" href=\"http:\/\/labercia.com\/chi-siamo\/\">scopri di pi\u00f9<\/a><\/div>\n","protected":false},"excerpt":{"rendered":"<p>Il Bed &amp; Breakfast Villa la Bercia \u00e8 situato a pochi passi dal paese di San Vigilio di Marebbe, una piccola perla immersa nel verde, tra la Val Pusteria e la Val Badia. Dotato di un ampio giardino, il B&amp;B Villa la Bercia offre ai propri ospiti la possibilit\u00e0 di una vacanza all\u2019insegna del relax, [&hellip;]<\/p>\n","protected":false},"author":1,"featured_media":3330,"parent":1645,"menu_order":1,"comment_status":"closed","ping_status":"closed","template":"","meta":{"footnotes":""},"class_list":["post-1646","page","type-page","status-publish","has-post-thumbnail","hentry"],"_links":{"self":[{"href":"https:\/\/labercia.com\/en\/wp-json\/wp\/v2\/pages\/1646","targetHints":{"allow":["GET"]}}],"collection":[{"href":"https:\/\/labercia.com\/en\/wp-json\/wp\/v2\/pages"}],"about":[{"href":"https:\/\/labercia.com\/en\/wp-json\/wp\/v2\/types\/page"}],"author":[{"embeddable":true,"href":"https:\/\/labercia.com\/en\/wp-json\/wp\/v2\/users\/1"}],"replies":[{"embeddable":true,"href":"https:\/\/labercia.com\/en\/wp-json\/wp\/v2\/comments?post=1646"}],"version-history":[{"count":5,"href":"https:\/\/labercia.com\/en\/wp-json\/wp\/v2\/pages\/1646\/revisions"}],"predecessor-version":[{"id":1886,"href":"https:\/\/labercia.com\/en\/wp-json\/wp\/v2\/pages\/1646\/revisions\/1886"}],"up":[{"embeddable":true,"href":"https:\/\/labercia.com\/en\/wp-json\/wp\/v2\/pages\/1645"}],"wp:featuredmedia":[{"embeddable":true,"href":"https:\/\/labercia.com\/en\/wp-json\/wp\/v2\/media\/3330"}],"wp:attachment":[{"href":"https:\/\/labercia.com\/en\/wp-json\/wp\/v2\/media?parent=1646"}],"curies":[{"name":"wp","href":"https:\/\/api.w.org\/{rel}","templated":true}]}}